{"id":82,"date":"2021-09-05T09:11:49","date_gmt":"2021-09-05T09:11:49","guid":{"rendered":"https:\/\/robin.us.es\/?page_id=82"},"modified":"2025-07-04T15:59:31","modified_gmt":"2025-07-04T15:59:31","slug":"organizacion","status":"publish","type":"page","link":"https:\/\/www.dinel.us.es\/?page_id=82","title":{"rendered":"Organizaci\u00f3n"},"content":{"rendered":"\n<p>Para cualquier consulta pueden ponerse en contacto con nuestra gestora y ella os redireccionar\u00e1 a la persona m\u00e1s adecuada.<\/p>\n\n\n\n<div class=\"wp-block-columns is-layout-flex wp-container-core-columns-is-layout-9d6595d7 wp-block-columns-is-layout-flex\">\n<div class=\"wp-block-column is-layout-flow wp-block-column-is-layout-flow\">\n<p class=\"has-text-align-center\"><strong>SECRETAR\u00cdA DEL DEPARTAMENTO<\/strong><\/p>\n\n\n\n<figure class=\"wp-block-table aligncenter is-style-stripes\"><table><tbody><tr><td><img loading=\"lazy\" decoding=\"async\" width=\"100\" height=\"150\" class=\"wp-image-328\" style=\"width: 100px;\" src=\"http:\/\/www.dinel.us.es\/wp-content\/uploads\/2022\/02\/AnaEslava-scaled.jpg\" alt=\"\" srcset=\"https:\/\/www.dinel.us.es\/wp-content\/uploads\/2022\/02\/AnaEslava-scaled.jpg 1707w, https:\/\/www.dinel.us.es\/wp-content\/uploads\/2022\/02\/AnaEslava-200x300.jpg 200w, https:\/\/www.dinel.us.es\/wp-content\/uploads\/2022\/02\/AnaEslava-683x1024.jpg 683w, https:\/\/www.dinel.us.es\/wp-content\/uploads\/2022\/02\/AnaEslava-768x1152.jpg 768w, https:\/\/www.dinel.us.es\/wp-content\/uploads\/2022\/02\/AnaEslava-1024x1536.jpg 1024w, https:\/\/www.dinel.us.es\/wp-content\/uploads\/2022\/02\/AnaEslava-1365x2048.jpg 1365w, https:\/\/www.dinel.us.es\/wp-content\/uploads\/2022\/02\/AnaEslava-180x270.jpg 180w\" sizes=\"auto, (max-width: 100px) 100vw, 100px\" \/><\/td><td class=\"has-text-align-left\" data-align=\"left\"><strong>Gestora<\/strong><br>Ana Eslava Hidalgo<br><a href=\"&#109;a&#x69;l&#x74;o&#x3a;&#101;&#x6c;&#101;&#x63;&#116;r&#x6f;n&#x69;c&#x61;&#64;&#x75;&#115;&#x2e;&#101;&#x73;\">&#x65;&#x6c;&#x65;&#x63;&#116;&#114;oni&#x63;&#x61;&#x40;&#x75;&#115;&#46;es<\/a><br><a href=\"t&#101;&#108;&#x3a;&#x2b;&#x33;4&#37;&#50;&#x30;&#x39;&#x35;4%&#50;&#x30;&#x34;&#x38;%2&#48;&#55;&#x33;&#x25;&#x32;0&#55;&#50;\">&#x2b;3&#x34;&#32;&#x39;&#53;4&#x20;4&#x38;&#32;&#x37;&#51; &#x37;&#50;<\/a><\/td><\/tr><\/tbody><\/table><\/figure>\n<\/div>\n\n\n\n<div class=\"wp-block-column is-layout-flow wp-block-column-is-layout-flow\">\n<p class=\"has-text-align-center\"><strong>DIRECCI\u00d3N<\/strong><\/p>\n\n\n\n<figure class=\"wp-block-table aligncenter is-style-stripes\"><table><tbody><tr><td><img loading=\"lazy\" decoding=\"async\" width=\"150\" height=\"225\" class=\"wp-image-354\" style=\"width: 150px;\" src=\"http:\/\/www.dinel.us.es\/wp-content\/uploads\/2022\/02\/ManoloPerales-scaled-e1751644749357.jpg\" alt=\"\" srcset=\"https:\/\/www.dinel.us.es\/wp-content\/uploads\/2022\/02\/ManoloPerales-scaled-e1751644749357.jpg 1707w, https:\/\/www.dinel.us.es\/wp-content\/uploads\/2022\/02\/ManoloPerales-scaled-e1751644749357-200x300.jpg 200w, https:\/\/www.dinel.us.es\/wp-content\/uploads\/2022\/02\/ManoloPerales-scaled-e1751644749357-683x1024.jpg 683w, https:\/\/www.dinel.us.es\/wp-content\/uploads\/2022\/02\/ManoloPerales-scaled-e1751644749357-768x1152.jpg 768w, https:\/\/www.dinel.us.es\/wp-content\/uploads\/2022\/02\/ManoloPerales-scaled-e1751644749357-1024x1536.jpg 1024w, https:\/\/www.dinel.us.es\/wp-content\/uploads\/2022\/02\/ManoloPerales-scaled-e1751644749357-1366x2048.jpg 1366w, https:\/\/www.dinel.us.es\/wp-content\/uploads\/2022\/02\/ManoloPerales-scaled-e1751644749357-180x270.jpg 180w\" sizes=\"auto, (max-width: 150px) 100vw, 150px\" \/><\/td><td class=\"has-text-align-left\" data-align=\"left\"><strong>Director<\/strong><br>Manuel Perales Esteve<br><a href=\"mailto&#58;&#109;&#112;&#101;&#114;&#97;&#108;&#x65;&#x73;&#x40;&#x75;&#x73;&#x2e;&#x65;&#x73;\">&#x6d;&#112;e&#x72;&#97;l&#x65;&#115;&#64;&#x75;&#115;&#46;&#x65;&#115;<\/a><\/td><\/tr><tr><td><img loading=\"lazy\" decoding=\"async\" width=\"150\" height=\"225\" class=\"wp-image-325\" style=\"width: 150px;\" src=\"http:\/\/www.dinel.us.es\/wp-content\/uploads\/2022\/02\/AlfredoPerez-scaled.jpg\" alt=\"\" srcset=\"https:\/\/www.dinel.us.es\/wp-content\/uploads\/2022\/02\/AlfredoPerez-scaled.jpg 1707w, https:\/\/www.dinel.us.es\/wp-content\/uploads\/2022\/02\/AlfredoPerez-200x300.jpg 200w, https:\/\/www.dinel.us.es\/wp-content\/uploads\/2022\/02\/AlfredoPerez-683x1024.jpg 683w, https:\/\/www.dinel.us.es\/wp-content\/uploads\/2022\/02\/AlfredoPerez-768x1152.jpg 768w, https:\/\/www.dinel.us.es\/wp-content\/uploads\/2022\/02\/AlfredoPerez-1024x1536.jpg 1024w, https:\/\/www.dinel.us.es\/wp-content\/uploads\/2022\/02\/AlfredoPerez-1365x2048.jpg 1365w, https:\/\/www.dinel.us.es\/wp-content\/uploads\/2022\/02\/AlfredoPerez-180x270.jpg 180w\" sizes=\"auto, (max-width: 150px) 100vw, 150px\" \/><\/td><td class=\"has-text-align-left\" data-align=\"left\"><strong>Secretario<\/strong><br>Alfredo P\u00e9rez Vega-Leal<br><a href=\"&#109;&#x61;i&#108;&#x74;o&#58;&#x61;l&#x70;&#x65;&#114;&#x65;z&#64;&#x75;s&#46;&#x65;s\">&#x61;l&#x70;&#101;r&#x65;&#122;&#x40;&#117;s&#x2e;&#101;&#x73;<\/a><\/td><\/tr><\/tbody><\/table><\/figure>\n<\/div>\n<\/div>\n\n\n\n<p><\/p>\n","protected":false},"excerpt":{"rendered":"<p>Para cualquier consulta pueden ponerse en contacto con nuestra gestora y ella os redireccionar\u00e1 a la persona m\u00e1s adecuada. SECRETAR\u00cdA DEL DEPARTAMENTO GestoraAna Eslava Hidalgo DIRECCI\u00d3N DirectorManuel Perales Esteve SecretarioAlfredo P\u00e9rez Vega-Leal<\/p>\n","protected":false},"author":7,"featured_media":0,"parent":0,"menu_order":0,"comment_status":"closed","ping_status":"closed","template":"","meta":{"footnotes":""},"folder":[12],"class_list":["post-82","page","type-page","status-publish","hentry"],"publishpress_future_action":{"enabled":false,"date":"2026-04-27 05:23:53","action":"change-status","newStatus":"draft","terms":[],"taxonomy":"folder","extraData":[]},"publishpress_future_workflow_manual_trigger":{"enabledWorkflows":[]},"_links":{"self":[{"href":"https:\/\/www.dinel.us.es\/index.php?rest_route=\/wp\/v2\/pages\/82","targetHints":{"allow":["GET"]}}],"collection":[{"href":"https:\/\/www.dinel.us.es\/index.php?rest_route=\/wp\/v2\/pages"}],"about":[{"href":"https:\/\/www.dinel.us.es\/index.php?rest_route=\/wp\/v2\/types\/page"}],"author":[{"embeddable":true,"href":"https:\/\/www.dinel.us.es\/index.php?rest_route=\/wp\/v2\/users\/7"}],"replies":[{"embeddable":true,"href":"https:\/\/www.dinel.us.es\/index.php?rest_route=%2Fwp%2Fv2%2Fcomments&post=82"}],"version-history":[{"count":27,"href":"https:\/\/www.dinel.us.es\/index.php?rest_route=\/wp\/v2\/pages\/82\/revisions"}],"predecessor-version":[{"id":1594,"href":"https:\/\/www.dinel.us.es\/index.php?rest_route=\/wp\/v2\/pages\/82\/revisions\/1594"}],"wp:attachment":[{"href":"https:\/\/www.dinel.us.es\/index.php?rest_route=%2Fwp%2Fv2%2Fmedia&parent=82"}],"wp:term":[{"taxonomy":"folder","embeddable":true,"href":"https:\/\/www.dinel.us.es\/index.php?rest_route=%2Fwp%2Fv2%2Ffolder&post=82"}],"curies":[{"name":"wp","href":"https:\/\/api.w.org\/{rel}","templated":true}]}}