{"id":567,"date":"2021-09-14T08:29:59","date_gmt":"2021-09-14T08:29:59","guid":{"rendered":"https:\/\/www.dinel.us.es\/?page_id=567"},"modified":"2022-06-21T07:59:17","modified_gmt":"2022-06-21T07:59:17","slug":"proyectos-del-grupo-de-ingenieria-electronica-3","status":"publish","type":"page","link":"https:\/\/www.dinel.us.es\/?page_id=567","title":{"rendered":"Proyectos de investigaci\u00f3n del grupo de Aplicaciones Cibern\u00e9ticas de la Electr\u00f3nica a las Tecnolog\u00edas de la Informaci\u00f3n"},"content":{"rendered":"\n<h2 class=\"wp-block-heading\">\u00daltimos proyectos:<\/h2>\n\n\n\n<div class=\"wp-block-query is-layout-flow wp-block-query-is-layout-flow\"><ul class=\"wp-block-post-template is-layout-flow wp-block-post-template-is-layout-flow\"><li class=\"wp-block-post post-597 post type-post status-publish format-standard hentry category-proyectos-aceti\">\n<h2 class=\"wp-block-post-title\"><a href=\"https:\/\/www.dinel.us.es\/?p=597\" target=\"_self\" >Despliegue y Control de una Red Inteligente de Veh\u00edculos Aut\u00f3nomos Acu\u00e1ticos para la Monitorizaci\u00f3n de Recursos H\u00eddricos Andaluces (PY18-RE0009).<\/a><\/h2>\n\n\n\n<div class=\"wp-block-post-excerpt\"><p class=\"wp-block-post-excerpt__excerpt\">Empresa\/Administraci\u00f3n financiadora: Junta Andaluc\u00eda (PAIDI 2020). Entidad u Organismo en el que lo realiz\u00f3: Universidad Loyola Andaluc\u00eda. Duraci\u00f3n: 28\/12\/2019 \u2013 31\/12\/2022. Cantidad financiada:&nbsp; 184.100 Euros. Participaci\u00f3n: Responsable. Responsable del Proyecto: Daniel Guti\u00e9rrez Reina e Isabel Jurado Flores. Resumen de la<\/p><p class=\"wp-block-post-excerpt__more-text\"><a class=\"wp-block-post-excerpt__more-link\" href=\"https:\/\/www.dinel.us.es\/?p=597\">Leer m\u00e1s<\/a><\/p><\/div>\n\n\n<hr class=\"wp-block-separator has-css-opacity\"\/>\n\n<\/li><li class=\"wp-block-post post-593 post type-post status-publish format-standard hentry category-proyectos-aceti\">\n<h2 class=\"wp-block-post-title\"><a href=\"https:\/\/www.dinel.us.es\/?p=593\" target=\"_self\" >Despliegue Adaptativo de Veh\u00edculos no Tripulados para Gesti\u00f3n Ambiental en Escenarios Din\u00e1micos<\/a><\/h2>\n\n\n\n<div class=\"wp-block-post-excerpt\"><p class=\"wp-block-post-excerpt__excerpt\">Responsable:&nbsp;Sergio Toral Mar\u00ednTipo de Proyecto\/Ayuda: Plan Estatal 2017-2020 Retos &#8211; Proyectos I+D+iReferencia: RTI2018-098964-B-I00Fecha de Inicio: 01-01-2019Fecha de Finalizaci\u00f3n: 30-04-2022 Empresa\/Organismo financiador\/es: Ministerio de Ciencia, Innovaci\u00f3n y Universidades Equipo: Equipo de Investigaci\u00f3n: Manuel \u00c1ngel Perales Est\u00e9ve Contratados: T\u00e9cnicos\/Personal Administrativo: Alejandro Casado<\/p><p class=\"wp-block-post-excerpt__more-text\"><a class=\"wp-block-post-excerpt__more-link\" href=\"https:\/\/www.dinel.us.es\/?p=593\">Leer m\u00e1s<\/a><\/p><\/div>\n\n\n<hr class=\"wp-block-separator has-css-opacity\"\/>\n\n<\/li><li class=\"wp-block-post post-586 post type-post status-publish format-standard hentry category-proyectos-aceti\">\n<h2 class=\"wp-block-post-title\"><a href=\"https:\/\/www.dinel.us.es\/?p=586\" target=\"_self\" >Despliegue Inteligente de una red de Veh\u00edculos Acu\u00e1ticos no Tripulados para la monitorizaci\u00f3n de Recursos H\u00eddricos<\/a><\/h2>\n\n\n\n<div class=\"wp-block-post-excerpt\"><p class=\"wp-block-post-excerpt__excerpt\">Responsables:&nbsp;Sergio Toral Mar\u00edn&nbsp;\/&nbsp;Daniel Guti\u00e9rrez ReinaTipo de Proyecto\/Ayuda: Proyectos I+D+i FEDER Andaluc\u00eda 2014-2020Referencia: US-1257508Fecha de Inicio: 01-02-2020Fecha de Finalizaci\u00f3n: 30-04-2022 Empresa\/Organismo financiador\/es: Junta de Andaluc\u00eda (Consejer\u00eda de Econom\u00eda y Conocimiento) Equipo: Equipo de Investigaci\u00f3n: Pablo Mill\u00e1n Gata Luis Orihuela Espina Manuel<\/p><p class=\"wp-block-post-excerpt__more-text\"><a class=\"wp-block-post-excerpt__more-link\" href=\"https:\/\/www.dinel.us.es\/?p=586\">Leer m\u00e1s<\/a><\/p><\/div>\n\n\n<hr class=\"wp-block-separator has-css-opacity\"\/>\n\n<\/li><li class=\"wp-block-post post-582 post type-post status-publish format-standard hentry category-proyectos-aceti\">\n<h2 class=\"wp-block-post-title\"><a href=\"https:\/\/www.dinel.us.es\/?p=582\" target=\"_self\" >Proyecto: Desarrollo de nuevas tecnolog\u00edas WiFi inteligentes en entornos m\u00f3viles y con alta densidad de usuarios (P18-TP-1520)<\/a><\/h2>\n\n\n\n<div class=\"wp-block-post-excerpt\"><p class=\"wp-block-post-excerpt__excerpt\">Responsable: Sergio Toral Mar\u00edn \/ Daniel Guti\u00e9rrez ReinaTipo de Proyecto\/Ayuda: PAIDI: Proyectos I+D+iReferencia: P18-TP-1520Fecha de Inicio: 01-01-2020Fecha de Finalizaci\u00f3n: 31-03-2023 Empresa\/Organismo financiador\/es: Junta de Andaluc\u00eda (Consejer\u00eda de Econom\u00eda y Conocimiento)Equipo: Equipo de Investigaci\u00f3n:Federico Jos\u00e9 Barrero Garc\u00edaNik BessisCiprian DobreManuel \u00c1ngel Perales<\/p><p class=\"wp-block-post-excerpt__more-text\"><a class=\"wp-block-post-excerpt__more-link\" href=\"https:\/\/www.dinel.us.es\/?p=582\">Leer m\u00e1s<\/a><\/p><\/div>\n\n\n<hr class=\"wp-block-separator has-css-opacity\"\/>\n\n<\/li><\/ul><\/div>\n\n\n\n<h2 class=\"wp-block-heading\">Proyectos anteriores:<\/h2>\n\n\n\n<ul class=\"wp-block-list\"><li>WIFICENCY &#8211; Desarrollo de tecnolog\u00eda para redes WiFi cooperativas, multiplataforma, eficiente y adaptadas al contexto (<a href=\"https:\/\/investigacion.us.es\/sisius\/sis_proyecto.php?idproy=29734\">RTC-2017-6255-7<\/a>\u00a0&#8211; Investigador)<\/li><li>Sistemas de Propulsi\u00f3n Multif\u00e1sica en Veh\u00edculos El\u00e9ctricos (<a href=\"https:\/\/investigacion.us.es\/sisius\/sis_proyecto.php?idproy=24342\">DPI2013-44278-R<\/a>\u00a0&#8211; Equipo Trabajo (Solicitud))<\/li><li>Aplicaci\u00f3n de Sistemas de Propulsi\u00f3n Basados en Motores Multif\u00e1sicos al Desarrollo de Veh\u00edculos El\u00e9ctricos (<a href=\"https:\/\/investigacion.us.es\/sisius\/sis_proyecto.php?idproy=18679\">P10-TEP-5791<\/a>\u00a0&#8211; Contratado)<\/li><li>Proyecto F\u00e9nix: I+D de pulsera de localizaci\u00f3n permanente y plataforma TIC para proteger a las mujeres maltratadas (<a href=\"https:\/\/investigacion.us.es\/sisius\/sis_proyecto.php?idproy=15091\">TSI-020302-2008-21<\/a>\u00a0&#8211; Contratado)<\/li><li>Dise\u00f1o de Servicios de Valor A\u00f1adido en Redes Urbanas y de Transporte Basados en Sistemas Embebidos y Middleware Distribuido desde la Perspectiva de los Modelos de Aceptaci\u00f3n Tecnol\u00f3gica (Urbalan) (<a href=\"https:\/\/investigacion.us.es\/sisius\/sis_proyecto.php?idproy=13221\">P07-TIC-02621<\/a>\u00a0&#8211; Investigador)<\/li><\/ul>\n","protected":false},"excerpt":{"rendered":"<p>\u00daltimos proyectos: Proyectos anteriores: WIFICENCY &#8211; Desarrollo de tecnolog\u00eda para redes WiFi cooperativas, multiplataforma, eficiente y adaptadas al contexto (RTC-2017-6255-7\u00a0&#8211; Investigador) Sistemas de Propulsi\u00f3n Multif\u00e1sica en Veh\u00edculos El\u00e9ctricos (DPI2013-44278-R\u00a0&#8211; Equipo Trabajo (Solicitud)) Aplicaci\u00f3n de Sistemas de Propulsi\u00f3n Basados en Motores <a href=\"https:\/\/www.dinel.us.es\/?page_id=567\" class=\"read-more\">Leer m\u00e1s&#8230;<\/a><\/p>\n","protected":false},"author":8,"featured_media":0,"parent":0,"menu_order":0,"comment_status":"closed","ping_status":"closed","template":"","meta":{"footnotes":""},"folder":[11],"class_list":["post-567","page","type-page","status-publish","hentry"],"publishpress_future_action":{"enabled":false,"date":"2026-04-28 17:41:11","action":"change-status","newStatus":"draft","terms":[],"taxonomy":"folder","extraData":[]},"publishpress_future_workflow_manual_trigger":{"enabledWorkflows":[]},"_links":{"self":[{"href":"https:\/\/www.dinel.us.es\/index.php?rest_route=\/wp\/v2\/pages\/567","targetHints":{"allow":["GET"]}}],"collection":[{"href":"https:\/\/www.dinel.us.es\/index.php?rest_route=\/wp\/v2\/pages"}],"about":[{"href":"https:\/\/www.dinel.us.es\/index.php?rest_route=\/wp\/v2\/types\/page"}],"author":[{"embeddable":true,"href":"https:\/\/www.dinel.us.es\/index.php?rest_route=\/wp\/v2\/users\/8"}],"replies":[{"embeddable":true,"href":"https:\/\/www.dinel.us.es\/index.php?rest_route=%2Fwp%2Fv2%2Fcomments&post=567"}],"version-history":[{"count":1,"href":"https:\/\/www.dinel.us.es\/index.php?rest_route=\/wp\/v2\/pages\/567\/revisions"}],"predecessor-version":[{"id":569,"href":"https:\/\/www.dinel.us.es\/index.php?rest_route=\/wp\/v2\/pages\/567\/revisions\/569"}],"wp:attachment":[{"href":"https:\/\/www.dinel.us.es\/index.php?rest_route=%2Fwp%2Fv2%2Fmedia&parent=567"}],"wp:term":[{"taxonomy":"folder","embeddable":true,"href":"https:\/\/www.dinel.us.es\/index.php?rest_route=%2Fwp%2Fv2%2Ffolder&post=567"}],"curies":[{"name":"wp","href":"https:\/\/api.w.org\/{rel}","templated":true}]}}