{"id":544,"date":"2022-09-12T16:58:51","date_gmt":"2022-09-12T16:58:51","guid":{"rendered":"https:\/\/www.dinel.us.es\/?page_id=544"},"modified":"2025-10-09T16:06:18","modified_gmt":"2025-10-09T16:06:18","slug":"departamento-de-ingenieria-electronica-2-2","status":"publish","type":"page","link":"https:\/\/www.dinel.us.es\/","title":{"rendered":"Departamento de Ingenier\u00eda Electr\u00f3nica"},"content":{"rendered":"\n<p class=\"has-white-color has-red-background-color has-text-color has-background has-link-color has-large-font-size wp-elements-c05098895e10cedb0c217a90e5b23326\"><a href=\"https:\/\/uses0-my.sharepoint.com\/:b:\/g\/personal\/dir_ie_us_es\/Ec8Aal6V_8FCrAY5E0GKlv4B_J8wT7Msvy46dcQHtGUHHw?e=0msWIP\"><strong>Nuevo<\/strong>: convocatoria de Estudiantes Internos 2025-2026 (hasta el 30 de octubre).<\/a><\/p>\n\n\n\n<figure class=\"wp-block-gallery has-nested-images columns-default is-cropped wp-block-gallery-1 is-layout-flex wp-block-gallery-is-layout-flex\">\n<figure class=\"wp-block-image size-full\"><img loading=\"lazy\" decoding=\"async\" width=\"2560\" height=\"1395\" data-id=\"485\" src=\"https:\/\/www.dinel.us.es\/wp-content\/uploads\/2022\/03\/F23-michael-marais-HjV_hEECgcM-unsplash-1-scaled.jpg\" alt=\"\" class=\"wp-image-485\" srcset=\"https:\/\/www.dinel.us.es\/wp-content\/uploads\/2022\/03\/F23-michael-marais-HjV_hEECgcM-unsplash-1-scaled.jpg 2560w, https:\/\/www.dinel.us.es\/wp-content\/uploads\/2022\/03\/F23-michael-marais-HjV_hEECgcM-unsplash-1-300x163.jpg 300w, https:\/\/www.dinel.us.es\/wp-content\/uploads\/2022\/03\/F23-michael-marais-HjV_hEECgcM-unsplash-1-1024x558.jpg 1024w, https:\/\/www.dinel.us.es\/wp-content\/uploads\/2022\/03\/F23-michael-marais-HjV_hEECgcM-unsplash-1-768x418.jpg 768w, https:\/\/www.dinel.us.es\/wp-content\/uploads\/2022\/03\/F23-michael-marais-HjV_hEECgcM-unsplash-1-1536x837.jpg 1536w, https:\/\/www.dinel.us.es\/wp-content\/uploads\/2022\/03\/F23-michael-marais-HjV_hEECgcM-unsplash-1-2048x1116.jpg 2048w, https:\/\/www.dinel.us.es\/wp-content\/uploads\/2022\/03\/F23-michael-marais-HjV_hEECgcM-unsplash-1-360x196.jpg 360w\" sizes=\"auto, (max-width: 2560px) 100vw, 2560px\" \/><\/figure>\n\n\n\n<figure class=\"wp-block-image size-full\"><img loading=\"lazy\" decoding=\"async\" width=\"2560\" height=\"1709\" data-id=\"439\" src=\"https:\/\/www.dinel.us.es\/wp-content\/uploads\/2022\/03\/F3-adi-goldstein-EUsVwEOsblE-unsplash-scaled.jpg\" alt=\"\" class=\"wp-image-439\" srcset=\"https:\/\/www.dinel.us.es\/wp-content\/uploads\/2022\/03\/F3-adi-goldstein-EUsVwEOsblE-unsplash-scaled.jpg 2560w, https:\/\/www.dinel.us.es\/wp-content\/uploads\/2022\/03\/F3-adi-goldstein-EUsVwEOsblE-unsplash-300x200.jpg 300w, https:\/\/www.dinel.us.es\/wp-content\/uploads\/2022\/03\/F3-adi-goldstein-EUsVwEOsblE-unsplash-1024x683.jpg 1024w, https:\/\/www.dinel.us.es\/wp-content\/uploads\/2022\/03\/F3-adi-goldstein-EUsVwEOsblE-unsplash-768x513.jpg 768w, https:\/\/www.dinel.us.es\/wp-content\/uploads\/2022\/03\/F3-adi-goldstein-EUsVwEOsblE-unsplash-1536x1025.jpg 1536w, https:\/\/www.dinel.us.es\/wp-content\/uploads\/2022\/03\/F3-adi-goldstein-EUsVwEOsblE-unsplash-2048x1367.jpg 2048w, https:\/\/www.dinel.us.es\/wp-content\/uploads\/2022\/03\/F3-adi-goldstein-EUsVwEOsblE-unsplash-360x240.jpg 360w\" sizes=\"auto, (max-width: 2560px) 100vw, 2560px\" \/><\/figure>\n\n\n\n<figure class=\"wp-block-image size-full\"><img loading=\"lazy\" decoding=\"async\" width=\"2560\" height=\"1707\" data-id=\"486\" src=\"https:\/\/www.dinel.us.es\/wp-content\/uploads\/2022\/03\/F19-spacex-YSvUYqf9Mjk-unsplash-2-scaled.jpg\" alt=\"\" class=\"wp-image-486\" srcset=\"https:\/\/www.dinel.us.es\/wp-content\/uploads\/2022\/03\/F19-spacex-YSvUYqf9Mjk-unsplash-2-scaled.jpg 2560w, https:\/\/www.dinel.us.es\/wp-content\/uploads\/2022\/03\/F19-spacex-YSvUYqf9Mjk-unsplash-2-300x200.jpg 300w, https:\/\/www.dinel.us.es\/wp-content\/uploads\/2022\/03\/F19-spacex-YSvUYqf9Mjk-unsplash-2-1024x683.jpg 1024w, https:\/\/www.dinel.us.es\/wp-content\/uploads\/2022\/03\/F19-spacex-YSvUYqf9Mjk-unsplash-2-768x512.jpg 768w, https:\/\/www.dinel.us.es\/wp-content\/uploads\/2022\/03\/F19-spacex-YSvUYqf9Mjk-unsplash-2-1536x1024.jpg 1536w, https:\/\/www.dinel.us.es\/wp-content\/uploads\/2022\/03\/F19-spacex-YSvUYqf9Mjk-unsplash-2-2048x1365.jpg 2048w, https:\/\/www.dinel.us.es\/wp-content\/uploads\/2022\/03\/F19-spacex-YSvUYqf9Mjk-unsplash-2-360x240.jpg 360w\" sizes=\"auto, (max-width: 2560px) 100vw, 2560px\" \/><\/figure>\n<\/figure>\n\n\n\n<blockquote class=\"wp-block-quote has-text-align-center is-style-large has-normal-font-size is-layout-flow wp-block-quote-is-layout-flow\">\n<p><em><kbd><strong>\"Solo cabe progresar cuando se piensa en grande, solo es posible avanzar cuando se mira lejos\"<\/strong><\/kbd><\/em><\/p>\n<cite>Ortega y Gasset<\/cite><\/blockquote>\n\n\n\n<div class=\"wp-block-columns is-layout-flex wp-container-core-columns-is-layout-9d6595d7 wp-block-columns-is-layout-flex\">\n<div class=\"wp-block-column is-vertically-aligned-center is-layout-flow wp-block-column-is-layout-flow\"><div class=\"wp-block-image is-style-rounded\">\n<figure class=\"aligncenter size-full is-resized\"><img loading=\"lazy\" decoding=\"async\" width=\"118\" height=\"178\" src=\"http:\/\/www.dinel.us.es\/wp-content\/uploads\/2025\/09\/perales.jpg\" alt=\"\" class=\"wp-image-1600\" style=\"width:183px;height:275px\"\/><figcaption class=\"wp-element-caption\"><strong>Manuel \u00c1ngel Perales<\/strong><br><strong>Director del Departamento<\/strong><\/figcaption><\/figure>\n<\/div><\/div>\n\n\n\n<div class=\"wp-block-column is-layout-flow wp-block-column-is-layout-flow\">\n<p class=\"has-normal-font-size\"><strong>Como director del Departamento de Ingenier\u00eda Electr\u00f3nica os doy la bienvenida a nuestro sitio Web y os invito a descubrir el equipo que lo formamos, nuestras actividades docentes e investigadoras, as\u00ed como la labor de transferencia de tecnolog\u00eda que realizamos hacia nuestro entorno industrial y social.<\/strong><\/p>\n\n\n\n<p class=\"has-normal-font-size\"><strong>La Tecnolog\u00eda Electr\u00f3nica es el pilar fundamental de la sociedad del siglo XXI. La Industria Digital, la Movilidad El\u00e9ctrica, el New Space o los nuevos conceptos de Telecomunicaci\u00f3n,  son algunos de los sectores donde los cambios tecnol\u00f3gicos han sido liderados por la Tecnolog\u00eda Electr\u00f3nica<\/strong>.<\/p>\n\n\n\n<p class=\"has-normal-font-size\"><strong><strong>Nuestros alumnos egresados participan activamente en todos estos sectores, y a\u00f1o tras a\u00f1o vemos c\u00f3mo contribuyen con su excelente preparaci\u00f3n al avance social, tanto a nivel nacional como internacional.<\/strong><\/strong><\/p>\n<\/div>\n<\/div>\n\n\n\n<p class=\"has-text-align-center has-normal-font-size\"><strong>El Departamento de Ingenier\u00eda Electr\u00f3nica en cifras<\/strong><\/p>\n\n\n\n<figure class=\"wp-block-image size-large is-style-default\"><img loading=\"lazy\" decoding=\"async\" width=\"1024\" height=\"535\" src=\"https:\/\/www.dinel.us.es\/wp-content\/uploads\/2022\/04\/bloques-2_recortada-1024x535.png\" alt=\"\" class=\"wp-image-547\" srcset=\"https:\/\/www.dinel.us.es\/wp-content\/uploads\/2022\/04\/bloques-2_recortada-1024x535.png 1024w, https:\/\/www.dinel.us.es\/wp-content\/uploads\/2022\/04\/bloques-2_recortada-300x157.png 300w, https:\/\/www.dinel.us.es\/wp-content\/uploads\/2022\/04\/bloques-2_recortada-768x402.png 768w, https:\/\/www.dinel.us.es\/wp-content\/uploads\/2022\/04\/bloques-2_recortada-1536x803.png 1536w, https:\/\/www.dinel.us.es\/wp-content\/uploads\/2022\/04\/bloques-2_recortada-2048x1071.png 2048w, https:\/\/www.dinel.us.es\/wp-content\/uploads\/2022\/04\/bloques-2_recortada-360x188.png 360w\" sizes=\"auto, (max-width: 1024px) 100vw, 1024px\" \/><\/figure>\n","protected":false},"excerpt":{"rendered":"<p>Nuevo: convocatoria de Estudiantes Internos 2025-2026 (hasta el 30 de octubre). \u00abSolo cabe progresar cuando se piensa en grande, solo es posible avanzar cuando se mira lejos\u00bb Ortega y Gasset Como director del Departamento de Ingenier\u00eda Electr\u00f3nica os doy la <a href=\"https:\/\/www.dinel.us.es\/\" class=\"read-more\">Leer m\u00e1s&#8230;<\/a><\/p>\n","protected":false},"author":7,"featured_media":0,"parent":0,"menu_order":0,"comment_status":"closed","ping_status":"closed","template":"","meta":{"footnotes":""},"folder":[12],"class_list":["post-544","page","type-page","status-publish","hentry"],"publishpress_future_action":{"enabled":false,"date":"2026-05-07 17:39:09","action":"change-status","newStatus":"draft","terms":[],"taxonomy":"folder","extraData":[]},"publishpress_future_workflow_manual_trigger":{"enabledWorkflows":[]},"_links":{"self":[{"href":"https:\/\/www.dinel.us.es\/index.php?rest_route=\/wp\/v2\/pages\/544","targetHints":{"allow":["GET"]}}],"collection":[{"href":"https:\/\/www.dinel.us.es\/index.php?rest_route=\/wp\/v2\/pages"}],"about":[{"href":"https:\/\/www.dinel.us.es\/index.php?rest_route=\/wp\/v2\/types\/page"}],"author":[{"embeddable":true,"href":"https:\/\/www.dinel.us.es\/index.php?rest_route=\/wp\/v2\/users\/7"}],"replies":[{"embeddable":true,"href":"https:\/\/www.dinel.us.es\/index.php?rest_route=%2Fwp%2Fv2%2Fcomments&post=544"}],"version-history":[{"count":24,"href":"https:\/\/www.dinel.us.es\/index.php?rest_route=\/wp\/v2\/pages\/544\/revisions"}],"predecessor-version":[{"id":1636,"href":"https:\/\/www.dinel.us.es\/index.php?rest_route=\/wp\/v2\/pages\/544\/revisions\/1636"}],"wp:attachment":[{"href":"https:\/\/www.dinel.us.es\/index.php?rest_route=%2Fwp%2Fv2%2Fmedia&parent=544"}],"wp:term":[{"taxonomy":"folder","embeddable":true,"href":"https:\/\/www.dinel.us.es\/index.php?rest_route=%2Fwp%2Fv2%2Ffolder&post=544"}],"curies":[{"name":"wp","href":"https:\/\/api.w.org\/{rel}","templated":true}]}}