{"id":515,"date":"2021-09-14T08:29:59","date_gmt":"2021-09-14T08:29:59","guid":{"rendered":"https:\/\/www.dinel.us.es\/?page_id=515"},"modified":"2022-06-21T08:06:42","modified_gmt":"2022-06-21T08:06:42","slug":"proyectos-del-grupo-de-ingenieria-electronica-2-2","status":"publish","type":"page","link":"https:\/\/www.dinel.us.es\/?page_id=515","title":{"rendered":"Laboratorios del Grupo de Tecnolog\u00eda Electr\u00f3nica"},"content":{"rendered":"\n<h2 class=\"wp-block-heading\" id=\"infraestructuras\">Infraestructuras:<\/h2>\n\n\n\n<div class=\"wp-block-query is-layout-flow wp-block-query-is-layout-flow\"><ul class=\"wp-block-post-template is-layout-flow wp-block-post-template-is-layout-flow\"><li class=\"wp-block-post post-714 post type-post status-publish format-standard hentry category-laboratorios-gte\">\n<h2 class=\"wp-block-post-title\"><a href=\"https:\/\/www.dinel.us.es\/?p=714\" target=\"_self\" >Laboratorio de sistemas de carga de veh\u00edculos el\u00e9ctricos conectados a redes el\u00e9ctricas con alta penetraci\u00f3n de energ\u00edas renovables &#8211; Proyecto IE19_124 USE<\/a><\/h2>\n\n\n\n<div class=\"wp-block-post-excerpt\"><p class=\"wp-block-post-excerpt__excerpt\">1.- Alcance. El presente documento recoge las normas de utilizaci\u00f3n y gesti\u00f3n de la instalaci\u00f3n de inter\u00e9s com\u00fan denominada \u201claboratorio de sistemas de carga de veh\u00edculos el\u00e9ctricos conectados a redes el\u00e9ctricas con alta penetraci\u00f3n de energ\u00edas renovables\u201d. 2.- Principios generales.<\/p><p class=\"wp-block-post-excerpt__more-text\"><a class=\"wp-block-post-excerpt__more-link\" href=\"https:\/\/www.dinel.us.es\/?p=714\">Leer m\u00e1s<\/a><\/p><\/div>\n\n\n<hr class=\"wp-block-separator has-css-opacity\"\/>\n\n<\/li><li class=\"wp-block-post post-519 post type-post status-publish format-standard hentry category-laboratorios-gte\">\n<h2 class=\"wp-block-post-title\"><a href=\"https:\/\/www.dinel.us.es\/?p=519\" target=\"_self\" >Condiciones generales aplicables a la \u00abSala Blanca para Investigaci\u00f3n y Fabricaci\u00f3n en Microtecnolog\u00edas\u00bb y los \u00abEquipos de Microfabricaci\u00f3n y Medida\u00bb alojados en ella.  Proyectos UNSE15-CE-2929 y IE17_5843-4_USE<\/a><\/h2>\n\n\n\n<div class=\"wp-block-post-excerpt\"><p class=\"wp-block-post-excerpt__excerpt\">1.- Alcance. El presente documento recoge las normas de utilizaci\u00f3n y gesti\u00f3n de la instalaci\u00f3n de inter\u00e9s com\u00fan denominada \u201cSala Blanca para Investigaci\u00f3n y Fabricaci\u00f3n en Microtecnolog\u00edas\u201d (a partir de ahora se denominar\u00e1 SBM), ubicada en la Escuela T\u00e9cnica Superior<\/p><p class=\"wp-block-post-excerpt__more-text\"><a class=\"wp-block-post-excerpt__more-link\" href=\"https:\/\/www.dinel.us.es\/?p=519\">Leer m\u00e1s<\/a><\/p><\/div>\n\n\n<hr class=\"wp-block-separator has-css-opacity\"\/>\n\n<\/li><\/ul><\/div>\n","protected":false},"excerpt":{"rendered":"<p>Infraestructuras:<\/p>\n","protected":false},"author":9,"featured_media":0,"parent":0,"menu_order":0,"comment_status":"closed","ping_status":"closed","template":"","meta":{"footnotes":""},"folder":[10],"class_list":["post-515","page","type-page","status-publish","hentry"],"publishpress_future_action":{"enabled":false,"date":"2026-05-21 14:59:23","action":"change-status","newStatus":"draft","terms":[],"taxonomy":"folder","extraData":[]},"publishpress_future_workflow_manual_trigger":{"enabledWorkflows":[]},"_links":{"self":[{"href":"https:\/\/www.dinel.us.es\/index.php?rest_route=\/wp\/v2\/pages\/515","targetHints":{"allow":["GET"]}}],"collection":[{"href":"https:\/\/www.dinel.us.es\/index.php?rest_route=\/wp\/v2\/pages"}],"about":[{"href":"https:\/\/www.dinel.us.es\/index.php?rest_route=\/wp\/v2\/types\/page"}],"author":[{"embeddable":true,"href":"https:\/\/www.dinel.us.es\/index.php?rest_route=\/wp\/v2\/users\/9"}],"replies":[{"embeddable":true,"href":"https:\/\/www.dinel.us.es\/index.php?rest_route=%2Fwp%2Fv2%2Fcomments&post=515"}],"version-history":[{"count":6,"href":"https:\/\/www.dinel.us.es\/index.php?rest_route=\/wp\/v2\/pages\/515\/revisions"}],"predecessor-version":[{"id":575,"href":"https:\/\/www.dinel.us.es\/index.php?rest_route=\/wp\/v2\/pages\/515\/revisions\/575"}],"wp:attachment":[{"href":"https:\/\/www.dinel.us.es\/index.php?rest_route=%2Fwp%2Fv2%2Fmedia&parent=515"}],"wp:term":[{"taxonomy":"folder","embeddable":true,"href":"https:\/\/www.dinel.us.es\/index.php?rest_route=%2Fwp%2Fv2%2Ffolder&post=515"}],"curies":[{"name":"wp","href":"https:\/\/api.w.org\/{rel}","templated":true}]}}