{"id":435,"date":"2021-07-21T07:15:17","date_gmt":"2021-07-21T07:15:17","guid":{"rendered":"https:\/\/www.dinel.us.es\/?page_id=435"},"modified":"2021-07-21T07:15:17","modified_gmt":"2021-07-21T07:15:17","slug":"departamento-de-ingenieria-electronica-3","status":"publish","type":"page","link":"https:\/\/www.dinel.us.es\/?page_id=435","title":{"rendered":"Departamento de Ingenier\u00eda Electr\u00f3nica"},"content":{"rendered":"\n<div class=\"wp-block-image\"><figure class=\"aligncenter size-large is-resized\"><img loading=\"lazy\" decoding=\"async\" src=\"https:\/\/robin.us.es\/wp-content\/uploads\/2021\/09\/us-escuela-tecnica-superior-de-ingenieria-background-1024x597.jpg\" alt=\"\" class=\"wp-image-72\" width=\"430\" height=\"250\" srcset=\"https:\/\/www.dinel.us.es\/wp-content\/uploads\/2021\/09\/us-escuela-tecnica-superior-de-ingenieria-background-1024x597.jpg 1024w, https:\/\/www.dinel.us.es\/wp-content\/uploads\/2021\/09\/us-escuela-tecnica-superior-de-ingenieria-background-300x175.jpg 300w, https:\/\/www.dinel.us.es\/wp-content\/uploads\/2021\/09\/us-escuela-tecnica-superior-de-ingenieria-background-768x448.jpg 768w, https:\/\/www.dinel.us.es\/wp-content\/uploads\/2021\/09\/us-escuela-tecnica-superior-de-ingenieria-background-360x210.jpg 360w, https:\/\/www.dinel.us.es\/wp-content\/uploads\/2021\/09\/us-escuela-tecnica-superior-de-ingenieria-background.jpg 1440w\" sizes=\"auto, (max-width: 430px) 100vw, 430px\" \/><\/figure><\/div>\n\n\n\n<div class=\"wp-block-columns is-layout-flex wp-container-core-columns-is-layout-9d6595d7 wp-block-columns-is-layout-flex\">\n<div class=\"wp-block-column is-layout-flow wp-block-column-is-layout-flow\">\n<p>El Departamento de Ingenier\u00eda Electr\u00f3nica de la Universidad de Sevilla est\u00e1 constituido por 49 personas que pertenecen a las siguientes categor\u00edas: <\/p>\n\n\n\n<ul class=\"wp-block-list\"><li>24 Profesores funcionarios<\/li><li>17 Profesores contratados<\/li><li>4 becarios FPI<\/li><li>3 Personal de Administraci\u00f3n y Servicios<\/li><\/ul>\n\n\n\n<p>En la actualidad el departamento imparte toda su docencia en la Escuela Superior de Ingenieros en las siguientes titulaciones: <\/p>\n\n\n\n<ul class=\"wp-block-list\"><li>Grados:<ul><li>Grado en Ingenier\u00eda de Tecnolog\u00edas de Telecomunicaci\u00f3n<\/li><li>Grado en Ingenier\u00eda de Tecnolog\u00edas Industriales<\/li><li>Grado en Ingenier\u00eda Aerospacial<\/li><li>Grado en Ingenier\u00eda Electr\u00f3nica, Rob\u00f3tica y Mecatr\u00f3nica<\/li><li>Grado en Ingenier\u00eda de la Energ\u00eda<\/li><li>Grado en Ingenier\u00eda de Organizaci\u00f3n Industrial<\/li><li>Grado en Ingenier\u00eda Qu\u00edmica<\/li><\/ul><\/li><\/ul>\n<\/div>\n\n\n\n<div class=\"wp-block-column is-layout-flow wp-block-column-is-layout-flow\">\n<ul class=\"wp-block-list\" id=\"block-086dfb3b-748c-489d-acc1-f442f53ba4cc\"><li>M\u00e1steres:<ul><li>M\u00e1ster Universitario en Ingenier\u00eda Industrial<\/li><li>M\u00e1ster Universitario en Ingenier\u00eda de Telecomunicaci\u00f3n<\/li><li>M\u00e1ster Universitario en Ingenier\u00eda Aeroespacial<\/li><li>M\u00e1ster Universitario en Ingenier\u00eda Electr\u00f3nica, Rob\u00f3tica y Autom\u00e1tica<\/li><\/ul><\/li><\/ul>\n\n\n\n<p>Las ense\u00f1anzas de Ingenier\u00eda Electr\u00f3nica que imparte el Departamento son de referencia nacional tanto en los estudios de grado como en los de posgrado. Prueba de ello son: (a) la Menci\u00f3n de Calidad obtenida en el programa de doctorado Ingenier\u00eda Electr\u00f3nica, Tratamiento de Se\u00f1ales y Comunicaciones; y (b) el grado de excelencia conseguido en las dos \u00faltimas convocatorias por grupos de investigaci\u00f3n en los que trabajan los miembros del departamento.<\/p>\n<\/div>\n<\/div>\n","protected":false},"excerpt":{"rendered":"<p>El Departamento de Ingenier\u00eda Electr\u00f3nica de la Universidad de Sevilla est\u00e1 constituido por 49 personas que pertenecen a las siguientes categor\u00edas: 24 Profesores funcionarios 17 Profesores contratados 4 becarios FPI 3 Personal de Administraci\u00f3n y Servicios En la actualidad el <a href=\"https:\/\/www.dinel.us.es\/?page_id=435\" class=\"read-more\">Leer m\u00e1s&#8230;<\/a><\/p>\n","protected":false},"author":1,"featured_media":0,"parent":0,"menu_order":0,"comment_status":"closed","ping_status":"closed","template":"","meta":{"footnotes":""},"folder":[],"class_list":["post-435","page","type-page","status-publish","hentry"],"publishpress_future_action":{"enabled":false,"date":"2026-04-24 04:46:11","action":"change-status","newStatus":"draft","terms":[],"taxonomy":"folder","extraData":[]},"publishpress_future_workflow_manual_trigger":{"enabledWorkflows":[]},"_links":{"self":[{"href":"https:\/\/www.dinel.us.es\/index.php?rest_route=\/wp\/v2\/pages\/435","targetHints":{"allow":["GET"]}}],"collection":[{"href":"https:\/\/www.dinel.us.es\/index.php?rest_route=\/wp\/v2\/pages"}],"about":[{"href":"https:\/\/www.dinel.us.es\/index.php?rest_route=\/wp\/v2\/types\/page"}],"author":[{"embeddable":true,"href":"https:\/\/www.dinel.us.es\/index.php?rest_route=\/wp\/v2\/users\/1"}],"replies":[{"embeddable":true,"href":"https:\/\/www.dinel.us.es\/index.php?rest_route=%2Fwp%2Fv2%2Fcomments&post=435"}],"version-history":[{"count":0,"href":"https:\/\/www.dinel.us.es\/index.php?rest_route=\/wp\/v2\/pages\/435\/revisions"}],"wp:attachment":[{"href":"https:\/\/www.dinel.us.es\/index.php?rest_route=%2Fwp%2Fv2%2Fmedia&parent=435"}],"wp:term":[{"taxonomy":"folder","embeddable":true,"href":"https:\/\/www.dinel.us.es\/index.php?rest_route=%2Fwp%2Fv2%2Ffolder&post=435"}],"curies":[{"name":"wp","href":"https:\/\/api.w.org\/{rel}","templated":true}]}}