{"id":173,"date":"2021-09-14T08:35:12","date_gmt":"2021-09-14T08:35:12","guid":{"rendered":"https:\/\/www.dinel.us.es\/?page_id=173"},"modified":"2022-06-21T08:01:32","modified_gmt":"2022-06-21T08:01:32","slug":"grupo-de-investigacion-aplicaciones-ciberneticas-de-la-electronica-a-las-tecnologias-de-la-informacion","status":"publish","type":"page","link":"https:\/\/www.dinel.us.es\/?page_id=173","title":{"rendered":"Grupo de investigaci\u00f3n Aplicaciones Cibern\u00e9ticas de la Electr\u00f3nica a las Tecnolog\u00edas de la Informaci\u00f3n"},"content":{"rendered":"\n<p>El grupo de investigaci\u00f3n Aplicaciones Cibern\u00e9ticas de la Electr\u00f3nica a las Tecnolog\u00edas de la Informaci\u00f3n (ACE-ti, TIC-201) se crea en el a\u00f1o 2006 por profesores de la Escuela Superior de Ingenieros, centro perteneciente a la Universidad de Sevilla. Este grupo de investigaci\u00f3n, compuesto por profesores y estudiantes adscritos a los departamentos de Ingenier\u00eda Electr\u00f3nica e Ingenier\u00eda de Sistemas y Autom\u00e1tica, est\u00e1 compuesto por 23 investigadores agrupados en dos l\u00edneas de investigaci\u00f3n. Entre los miembros de este grupo, cabe destacar la presencia de 5 doctores.<\/p>\n\n\n\n<p>Las l\u00edneas de investigaci\u00f3n del grupo ACE-ti se centran en los sistemas empotrados y sus aplicaciones a \u00e1reas tan diversas como el procesamiento de video, el control de m\u00e1quinas el\u00e9ctricas o las redes de sensores, y la optimizaci\u00f3n de los sistemas de producci\u00f3n, principalmente plantas termosolares, invernadores o demanda.<\/p>\n","protected":false},"excerpt":{"rendered":"<p>El grupo de investigaci\u00f3n Aplicaciones Cibern\u00e9ticas de la Electr\u00f3nica a las Tecnolog\u00edas de la Informaci\u00f3n (ACE-ti, TIC-201) se crea en el a\u00f1o 2006 por profesores de la Escuela Superior de Ingenieros, centro perteneciente a la Universidad de Sevilla. Este grupo <a href=\"https:\/\/www.dinel.us.es\/?page_id=173\" class=\"read-more\">Leer m\u00e1s&#8230;<\/a><\/p>\n","protected":false},"author":8,"featured_media":0,"parent":0,"menu_order":0,"comment_status":"closed","ping_status":"closed","template":"","meta":{"footnotes":""},"folder":[11],"class_list":["post-173","page","type-page","status-publish","hentry"],"publishpress_future_action":{"enabled":false,"date":"2026-04-29 11:37:19","action":"change-status","newStatus":"draft","terms":[],"taxonomy":"folder","extraData":[]},"publishpress_future_workflow_manual_trigger":{"enabledWorkflows":[]},"_links":{"self":[{"href":"https:\/\/www.dinel.us.es\/index.php?rest_route=\/wp\/v2\/pages\/173","targetHints":{"allow":["GET"]}}],"collection":[{"href":"https:\/\/www.dinel.us.es\/index.php?rest_route=\/wp\/v2\/pages"}],"about":[{"href":"https:\/\/www.dinel.us.es\/index.php?rest_route=\/wp\/v2\/types\/page"}],"author":[{"embeddable":true,"href":"https:\/\/www.dinel.us.es\/index.php?rest_route=\/wp\/v2\/users\/8"}],"replies":[{"embeddable":true,"href":"https:\/\/www.dinel.us.es\/index.php?rest_route=%2Fwp%2Fv2%2Fcomments&post=173"}],"version-history":[{"count":1,"href":"https:\/\/www.dinel.us.es\/index.php?rest_route=\/wp\/v2\/pages\/173\/revisions"}],"predecessor-version":[{"id":174,"href":"https:\/\/www.dinel.us.es\/index.php?rest_route=\/wp\/v2\/pages\/173\/revisions\/174"}],"wp:attachment":[{"href":"https:\/\/www.dinel.us.es\/index.php?rest_route=%2Fwp%2Fv2%2Fmedia&parent=173"}],"wp:term":[{"taxonomy":"folder","embeddable":true,"href":"https:\/\/www.dinel.us.es\/index.php?rest_route=%2Fwp%2Fv2%2Ffolder&post=173"}],"curies":[{"name":"wp","href":"https:\/\/api.w.org\/{rel}","templated":true}]}}