{"id":1670,"date":"2026-03-13T13:25:37","date_gmt":"2026-03-13T13:25:37","guid":{"rendered":"https:\/\/www.dinel.us.es\/?page_id=1670"},"modified":"2026-03-16T09:24:47","modified_gmt":"2026-03-16T09:24:47","slug":"proyectos-del-grupo-de-ingenieria-electronica-4-2","status":"publish","type":"page","link":"https:\/\/www.dinel.us.es\/?page_id=1670","title":{"rendered":"Proyectos de investigaci\u00f3n del Grupo de Dispositivos y Sistemas Electr\u00f3nicos"},"content":{"rendered":"\n<h2 class=\"wp-block-heading\">\u00daltimos proyectos:<\/h2>\n\n\n\n<div class=\"wp-block-query is-layout-flow wp-block-query-is-layout-flow\">\n<ul class=\"wp-block-list\">\n<li><a href=\"https:\/\/investigacion.us.es\/sisius\/sis_proyecto.php?idproy=35511\">Interacci\u00f3n electro-neuronal inteligente en un sistema de cultivo de larga duraci\u00f3n<\/a><strong> <\/strong><strong>Tipo de Proyecto\/Ayuda:<\/strong>\u00a0Plan Estatal 2021-2023 &#8211; Proyectos Investigaci\u00f3n No Orientada |\u00a0\u00a0<strong>Referencia:<\/strong>\u00a0PID2021-127653NB-C22<\/li>\n<\/ul>\n<\/div>\n\n\n\n<h2 class=\"wp-block-heading\">Proyectos anteriores:<\/h2>\n\n\n\n<ul class=\"wp-block-list\">\n<li><a href=\"https:\/\/investigacion.us.es\/sisius\/sis_proyecto.php?idproy=32410\">Dise\u00f1o, fabricaci\u00f3n y validaci\u00f3n de un test r\u00e1pido basado en Lab-on-Chip con PCR y detecci\u00f3n por fluorescencia de carga v\u00edrica SARS-CoV-2 (COVIDETECT)<\/a><strong> <\/strong><strong>Tipo de Proyecto\/Ayuda:<\/strong>\u00a0Junta de Andaluc\u00eda &#8211; COVID-19\u00a0|\u00a0\u00a0<strong>Referencia:<\/strong>\u00a0CV20-98629<\/li>\n\n\n\n<li><a href=\"https:\/\/investigacion.us.es\/sisius\/sis_proyecto.php?idproy=30914\">Sistema para la amplificaci\u00f3n y detecci\u00f3n de fragmentos de ADN empleando PCR en Lab-on-chip (PCR-on-a-Chip)<\/a> <strong>Tipo de Proyecto\/Ayuda:<\/strong>&nbsp;PAIDI 2018: Proyectos I+D+i&nbsp;|&nbsp;&nbsp;<strong>Referencia:<\/strong>&nbsp;P18-RT-1745<\/li>\n\n\n\n<li><a href=\"https:\/\/investigacion.us.es\/sisius\/sis_proyecto.php?idproy=29583\">Integraci\u00f3n de Opto-Electroestimulaci\u00f3n y Procesamiento de Se\u00f1ales para el Estudio in-Vitro de Larga Duraci\u00f3n del Comportamiento Neuronal<\/a> <strong>Tipo de Proyecto\/Ayuda:<\/strong>&nbsp;Plan Estatal 2017-2020 Retos &#8211; Proyectos I+D+i&nbsp;|&nbsp;&nbsp;<strong>Referencia:<\/strong>&nbsp;RTI2018-100773-B-C33<\/li>\n\n\n\n<li><a href=\"https:\/\/investigacion.us.es\/sisius\/sis_proyecto.php?idproy=30760\">Lab-on-chip de electro-estimulaci\u00f3n para el estudio in-vitro de cultivos de retina de larga duraci\u00f3n: Retina-on-a-chip<\/a> <strong>Tipo de Proyecto\/Ayuda:<\/strong>Proyectos I+D+i FEDER Andaluc\u00eda 2014-2020 |&nbsp;&nbsp;<strong>Referencia:<\/strong>&nbsp;US-1265983<\/li>\n\n\n\n<li><a href=\"https:\/\/investigacion.us.es\/sisius\/sis_proyecto.php?idproy=25651\">Desarrollo y Validaci\u00f3n de una Plataforma Lab-on-Chip para Aplicaciones Biom\u00e9dicas sobre Sustrato PCB (Lab-on-PCB)<\/a> <strong>Tipo de Proyecto\/Ayuda:<\/strong>&nbsp;Plan Estatal 2013-2016 Retos &#8211; Proyectos I+D+i&nbsp;|&nbsp;&nbsp;<strong>Referencia:<\/strong>&nbsp;TEC2014-54449-C3-2-R<\/li>\n\n\n\n<li><a href=\"https:\/\/investigacion.us.es\/sisius\/sis_proyecto.php?idproy=21847\">Microlab-en-Chip para Producci\u00f3n de Radiof\u00e1rmacos para Diagn\u00f3stico PET<\/a> <strong>Tipo de Proyecto\/Ayuda:<\/strong>&nbsp;Proyectos de Excelencia de la Junta de Andaluc\u00eda |&nbsp;&nbsp;<strong>Referencia:<\/strong>&nbsp;P12-TIC-2296<\/li>\n\n\n\n<li><a href=\"https:\/\/investigacion.us.es\/sisius\/sis_proyecto.php?idproy=21067\">Desarrollo de un sensor solar MEMS para la plataforma SEOSAT\/INGENIO. SENSOSOL fases C y D<\/a> <strong>Tipo de Proyecto\/Ayuda:<\/strong>&nbsp;OPN &#8211; Internacionalizaci\u00f3n de la I+D+I |&nbsp;&nbsp;<strong>Referencia:<\/strong>&nbsp;AIC-B-2011-0702<\/li>\n\n\n\n<li><a href=\"https:\/\/investigacion.us.es\/sisius\/sis_proyecto.php?idproy=21190\">SIGMAPLANTAS: La innovaci\u00f3n en las plantas y modelos de sistemas de concentraci\u00f3n fotovoltaica en Espa\u00f1a<\/a> <strong>Tipo de Proyecto\/Ayuda:<\/strong>&nbsp;OPN &#8211; INNPACTO&nbsp;|&nbsp;&nbsp;<strong>Referencia:<\/strong>&nbsp;IPT-2011-1468-920000<\/li>\n\n\n\n<li><a href=\"https:\/\/investigacion.us.es\/sisius\/sis_proyecto.php?idproy=20714\">Desarrollo de un Star Tracker con Componentes COTS para el Control de Actitud de Picosat\u00e9lites<\/a> <strong>Tipo de Proyecto\/Ayuda:<\/strong>&nbsp;Proyectos de Excelencia de la Junta de Andaluc\u00eda |&nbsp;&nbsp;<strong>Referencia:<\/strong>&nbsp;P11-TIC-7351<\/li>\n\n\n\n<li><a href=\"https:\/\/investigacion.us.es\/sisius\/sis_proyecto.php?idproy=20225\">Integraci\u00f3n de Sensores Inteligentes en Lab-on-Chip para Aplicaciones Biom\u00e9dicas<\/a> <strong>Tipo de Proyecto\/Ayuda:<\/strong>&nbsp;Plan Nacional del 2011 |&nbsp;&nbsp;<strong>Referencia:<\/strong>&nbsp;TEC2011-29045-C04-02<\/li>\n\n\n\n<li><a href=\"https:\/\/investigacion.us.es\/sisius\/sis_proyecto.php?idproy=18942\">Desarrollo de un sensor MEMS para la determinaci\u00f3n del \u00e1ngulo de incidencia de luz solar. Fases C\/D<\/a> <strong>Tipo de Proyecto\/Ayuda:<\/strong>&nbsp;OPN &#8211; Internacionalizaci\u00f3n de la I+D+I&nbsp;|&nbsp;&nbsp;<strong>Referencia:<\/strong>&nbsp;ACI2009-1021<\/li>\n\n\n\n<li><a href=\"https:\/\/investigacion.us.es\/sisius\/sis_proyecto.php?idproy=14637\">Sensor Solar Altamente Integrado para el Control de Actitud de Sat\u00e9lites<\/a> <strong>Tipo de Proyecto\/Ayuda:<\/strong>&nbsp;Proyectos de Excelencia de la Junta de Andaluc\u00eda |&nbsp;&nbsp;<strong>Referencia:<\/strong>&nbsp;P08-TIC-03590<\/li>\n\n\n\n<li><a href=\"https:\/\/investigacion.us.es\/sisius\/sis_proyecto.php?idproy=13116\">MEMSFAB2<\/a> <strong>Tipo de Proyecto\/Ayuda:<\/strong>&nbsp;OPN &#8211; PROFIT |&nbsp;&nbsp;<strong>Referencia:<\/strong>&nbsp;SN-0668\/2008<\/li>\n\n\n\n<li><a href=\"https:\/\/investigacion.us.es\/sisius\/sis_proyecto.php?idproy=11524\">Microsistema para la extracci\u00f3n y multian\u00e1lisis de fluidos biol\u00f3gicos e inyecci\u00f3n de f\u00e1rmacos en aplicaciones telem\u00e9dicas<\/a> <strong>Tipo de Proyecto\/Ayuda:<\/strong>&nbsp;Plan Nacional del 2007&nbsp;|&nbsp;&nbsp;<strong>Referencia:<\/strong>&nbsp;TEC2007-63172<\/li>\n\n\n\n<li><a href=\"https:\/\/investigacion.us.es\/sisius\/sis_proyecto.php?idproy=11890\">Plataforma Integrada de Microsistemas para Entornos Terap\u00e9uticos Inteligentes con Dosificaci\u00f3n de Medicamentos y Diagn\u00f3stico Remotos<\/a> <strong>Tipo de Proyecto\/Ayuda:<\/strong>&nbsp;Proyectos de Excelencia de la Junta de Andaluc\u00eda&nbsp;|&nbsp;&nbsp;<strong>Referencia:<\/strong>&nbsp;P06-TIC-01561<\/li>\n\n\n\n<li><a href=\"https:\/\/investigacion.us.es\/sisius\/sis_proyecto.php?idproy=9250\">Microsystems Platform for Mobile Services and Applications (MIMOSA)<\/a> <strong>Tipo de Proyecto\/Ayuda:<\/strong>&nbsp;6\u00ba Programa Marco de la U.E. |&nbsp;&nbsp;<strong>Referencia:<\/strong>&nbsp;SI-0056\/2004<\/li>\n\n\n\n<li><a href=\"https:\/\/investigacion.us.es\/sisius\/sis_proyecto.php?idproy=6510\">Sensores inal\u00e1mbricos aut\u00f3nomos con tecnolog\u00edas MEMS<\/a> <strong>Tipo de Proyecto\/Ayuda:<\/strong>&nbsp;Plan Nacional del 2004 |&nbsp;&nbsp;<strong>Referencia:<\/strong>&nbsp;TEC2004-02127<\/li>\n\n\n\n<li><a href=\"https:\/\/investigacion.us.es\/sisius\/sis_proyecto.php?idproy=2594\">Intelligent cardiology monitoring system using GPS\/GPR networks (CARDIOSMART)<\/a> <strong>Tipo de Proyecto\/Ayuda:<\/strong>&nbsp;5\u00ba Programa Marco de la U.E. |&nbsp;&nbsp;<strong>Referencia:<\/strong>&nbsp;IST-2001-35073<\/li>\n\n\n\n<li><a href=\"https:\/\/investigacion.us.es\/sisius\/sis_proyecto.php?idproy=794\">Desarrollo de un sensor de alta precisi\u00f3n del \u00e1ngulo de incidencia de un rayo luminoso empleando tecnolog\u00eda mecatr\u00f3nica<\/a> <strong>Tipo de Proyecto\/Ayuda:<\/strong>&nbsp;Plan Nacional del 2000 |&nbsp;&nbsp;<strong>Referencia:<\/strong>&nbsp;TIC2000-0344-P4-04<\/li>\n<\/ul>\n","protected":false},"excerpt":{"rendered":"<p>\u00daltimos proyectos: Proyectos anteriores:<\/p>\n","protected":false},"author":5,"featured_media":0,"parent":0,"menu_order":0,"comment_status":"closed","ping_status":"closed","template":"","meta":{"footnotes":""},"folder":[27],"class_list":["post-1670","page","type-page","status-publish","hentry"],"publishpress_future_action":{"enabled":false,"date":"2026-05-07 18:31:15","action":"change-status","newStatus":"draft","terms":[],"taxonomy":"folder","extraData":[]},"publishpress_future_workflow_manual_trigger":{"enabledWorkflows":[]},"_links":{"self":[{"href":"https:\/\/www.dinel.us.es\/index.php?rest_route=\/wp\/v2\/pages\/1670","targetHints":{"allow":["GET"]}}],"collection":[{"href":"https:\/\/www.dinel.us.es\/index.php?rest_route=\/wp\/v2\/pages"}],"about":[{"href":"https:\/\/www.dinel.us.es\/index.php?rest_route=\/wp\/v2\/types\/page"}],"author":[{"embeddable":true,"href":"https:\/\/www.dinel.us.es\/index.php?rest_route=\/wp\/v2\/users\/5"}],"replies":[{"embeddable":true,"href":"https:\/\/www.dinel.us.es\/index.php?rest_route=%2Fwp%2Fv2%2Fcomments&post=1670"}],"version-history":[{"count":5,"href":"https:\/\/www.dinel.us.es\/index.php?rest_route=\/wp\/v2\/pages\/1670\/revisions"}],"predecessor-version":[{"id":1684,"href":"https:\/\/www.dinel.us.es\/index.php?rest_route=\/wp\/v2\/pages\/1670\/revisions\/1684"}],"wp:attachment":[{"href":"https:\/\/www.dinel.us.es\/index.php?rest_route=%2Fwp%2Fv2%2Fmedia&parent=1670"}],"wp:term":[{"taxonomy":"folder","embeddable":true,"href":"https:\/\/www.dinel.us.es\/index.php?rest_route=%2Fwp%2Fv2%2Ffolder&post=1670"}],"curies":[{"name":"wp","href":"https:\/\/api.w.org\/{rel}","templated":true}]}}