{"id":1654,"date":"2026-03-13T13:08:52","date_gmt":"2026-03-13T13:08:52","guid":{"rendered":"https:\/\/www.dinel.us.es\/?page_id=1654"},"modified":"2026-03-13T13:08:52","modified_gmt":"2026-03-13T13:08:52","slug":"grupo-de-tecnologia-electronica-2","status":"publish","type":"page","link":"https:\/\/www.dinel.us.es\/?page_id=1654","title":{"rendered":"Grupo DISEL \u2013 Dispositivos y Sistemas Electr\u00f3nicos"},"content":{"rendered":"\n<h2 class=\"wp-block-heading\">Resumen<\/h2>\n\n\n\n<p>El Grupo de Investigaci\u00f3n DISEL (Dispositivos y Sistemas Electr\u00f3nicos, TIC-267) de la Universidad de Sevilla desarrolla una actividad cient\u00edfica consolidada en el \u00e1mbito de los microsistemas (MEMS), los dispositivos electr\u00f3nicos y la integraci\u00f3n MEMS-PCB con plataformas microflu\u00eddicas, con aplicaciones en biomedicina y en el sector espacial.<\/p>\n\n\n\n<p>Sus l\u00edneas de investigaci\u00f3n incluyen el desarrollo de sensores miniaturizados, plataformas Lab-on-Chip y Lab-on-PCB, microv\u00e1lvulas y microactuadores, as\u00ed como sistemas electr\u00f3nicos para adquisici\u00f3n de se\u00f1ales y estimulaci\u00f3n de c\u00e9lulas y tejidos organot\u00edpicos. Asimismo, el grupo trabaja en sensores solares y otros dispositivos electr\u00f3nicos destinados a sistemas satelitales.<\/p>\n\n\n\n<p>Las aplicaciones de estas tecnolog\u00edas abarcan plataformas biom\u00e9dicas aut\u00f3nomas, sistemas microflu\u00eddicos para diagn\u00f3stico y an\u00e1lisis, dispositivos de neuroestimulaci\u00f3n in vitro, instrumentaci\u00f3n para exploraci\u00f3n espacial y soluciones industriales basadas en electr\u00f3nica avanzada. Esta diversidad refleja una identidad cient\u00edfica s\u00f3lida, multidisciplinar y orientada tanto a la investigaci\u00f3n fundamental como a la transferencia tecnol\u00f3gica.<\/p>\n\n\n\n<p>El grupo combina experiencia en ingenier\u00eda electr\u00f3nica, microflu\u00eddica, tecnolog\u00edas biom\u00e9dicas y sistemas espaciales, participando activamente en proyectos competitivos nacionales e internacionales. Asimismo, mantiene colaboraciones con centros de investigaci\u00f3n y empresas tecnol\u00f3gicas de referencia, entre ellos CEIT, Ikerlan, CNM, Nokia, CABIMER, IBIS y diversas compa\u00f1\u00edas del sector tecnol\u00f3gico.<\/p>\n\n\n\n<h2 class=\"wp-block-heading\">L\u00edneas de Investigaci\u00f3n<\/h2>\n\n\n\n<ul class=\"wp-block-list\">\n<li><strong>Microsistemas (MEMS) y microfabricaci\u00f3n<\/strong>: sensores solares miniaturizados, v\u00e1lvulas en silicio, actuadores termo\u2011neum\u00e1ticos, microelectrodos y t\u00e9cnicas avanzadas con SU\u20118 y PCB\u2011MEMS.<\/li>\n\n\n\n<li><strong>Microflu\u00eddica avanzada y Lab\u2011on\u2011Chip \/ Lab\u2011on\u2011PCB<\/strong>: plataformas aut\u00f3nomas para manipulaci\u00f3n de fluidos, sistemas de impulsi\u00f3n, microcanales, sensores integrados y dispositivos para PCR\u2011on\u2011chip.<\/li>\n\n\n\n<li><strong>Aplicaciones biom\u00e9dicas<\/strong>: dispositivos para cultivos organot\u00edpicos (retina\u2011on\u2011chip), plataformas de estimulaci\u00f3n y registro, plataformas microflu\u00eddicas, estudios de neuroprotecci\u00f3n y sistemas diagn\u00f3sticos miniaturizados.<\/li>\n\n\n\n<li><strong>Tecnolog\u00eda espacial y sensores de control de actitud de sat\u00e9lites<\/strong>: star\u2011trackers, sensores \u00f3pticos de precisi\u00f3n y electr\u00f3nica embarcada para nanosat\u00e9lites.<\/li>\n\n\n\n<li><strong>Electr\u00f3nica avanzada y sistemas de control<\/strong>: l\u00f3gica estoc\u00e1stica, control distribuido, conversi\u00f3n anal\u00f3gica\/digital, sensores inteligentes, integraci\u00f3n de electr\u00f3nica y fluidos.<\/li>\n<\/ul>\n\n\n\n<h2 class=\"wp-block-heading\">Investigadores del Grupo<\/h2>\n\n\n\n<ul class=\"wp-block-list\">\n<li><strong>Jos\u00e9 Manuel Quero Reboul<\/strong>\u00a0\u2013 Catedr\u00e1tico. Especialista en MEMS, microflu\u00eddica, Lab\u2011on\u2011Chip y sensores para espacio. (<a href=\"https:\/\/scholar.google.com\/citations?user=ANKklTQAAAAJ&amp;hl=en\">\u00a0Perfil de Scholar<\/a>)<\/li>\n\n\n\n<li><strong>Juan Garc\u00eda Ortega<\/strong>\u00a0\u2013 Profesor Titular. Especialista en MEMS, electr\u00f3nica industrial y sensores para espacio. (<a href=\"https:\/\/scholar.google.com\/citations?user=8uikF4YAAAAJ&amp;hl=en\">\u00a0Perfil de Scholar<\/a>)<\/li>\n\n\n\n<li><strong>Antonio Luque Estepa<\/strong>\u00a0\u2013 Profesor Titular. Especialista en MEMS, microflu\u00eddica, sensores capacitivos. (<a href=\"https:\/\/scholar.google.com\/citations?user=4VDJ-VUAAAAJ&amp;hl=en\">\u00a0Perfil de Scholar<\/a>)<\/li>\n\n\n\n<li><strong>Francisco Perdigones S\u00e1nchez<\/strong>\u00a0\u2013 Profesor Titular. Especialista en MEMS, Lab\u2011on\u2011PCB, SU\u20118, microflu\u00eddica y PCB\u2011MEMS. (<a href=\"https:\/\/scholar.google.com\/citations?user=Vstjo-sAAAAJ&amp;hl=en\">\u00a0Perfil de Scholar<\/a>)<\/li>\n\n\n\n<li><strong>Carmen Aracil Fern\u00e1ndez<\/strong>\u00a0\u2013 Profesora Titular. Especialista en BioMEMS, microv\u00e1lvulas, Lab\u2011on\u2011PCB y aplicaciones biom\u00e9dicas. (<a href=\"https:\/\/scholar.google.com\/citations?user=4QhmsrsAAAAJ&amp;hl=en\">\u00a0Perfil de Scholar<\/a>)<\/li>\n<\/ul>\n\n\n\n<p><\/p>\n","protected":false},"excerpt":{"rendered":"<p>Resumen El Grupo de Investigaci\u00f3n DISEL (Dispositivos y Sistemas Electr\u00f3nicos, TIC-267) de la Universidad de Sevilla desarrolla una actividad cient\u00edfica consolidada en el \u00e1mbito de los microsistemas (MEMS), los dispositivos electr\u00f3nicos y la integraci\u00f3n MEMS-PCB con plataformas microflu\u00eddicas, con aplicaciones <a href=\"https:\/\/www.dinel.us.es\/?page_id=1654\" class=\"read-more\">Leer m\u00e1s&#8230;<\/a><\/p>\n","protected":false},"author":5,"featured_media":0,"parent":0,"menu_order":0,"comment_status":"closed","ping_status":"closed","template":"","meta":{"footnotes":""},"folder":[27],"class_list":["post-1654","page","type-page","status-publish","hentry"],"publishpress_future_action":{"enabled":false,"date":"2026-05-07 00:12:29","action":"change-status","newStatus":"draft","terms":[],"taxonomy":"folder","extraData":[]},"publishpress_future_workflow_manual_trigger":{"enabledWorkflows":[]},"_links":{"self":[{"href":"https:\/\/www.dinel.us.es\/index.php?rest_route=\/wp\/v2\/pages\/1654","targetHints":{"allow":["GET"]}}],"collection":[{"href":"https:\/\/www.dinel.us.es\/index.php?rest_route=\/wp\/v2\/pages"}],"about":[{"href":"https:\/\/www.dinel.us.es\/index.php?rest_route=\/wp\/v2\/types\/page"}],"author":[{"embeddable":true,"href":"https:\/\/www.dinel.us.es\/index.php?rest_route=\/wp\/v2\/users\/5"}],"replies":[{"embeddable":true,"href":"https:\/\/www.dinel.us.es\/index.php?rest_route=%2Fwp%2Fv2%2Fcomments&post=1654"}],"version-history":[{"count":1,"href":"https:\/\/www.dinel.us.es\/index.php?rest_route=\/wp\/v2\/pages\/1654\/revisions"}],"predecessor-version":[{"id":1656,"href":"https:\/\/www.dinel.us.es\/index.php?rest_route=\/wp\/v2\/pages\/1654\/revisions\/1656"}],"wp:attachment":[{"href":"https:\/\/www.dinel.us.es\/index.php?rest_route=%2Fwp%2Fv2%2Fmedia&parent=1654"}],"wp:term":[{"taxonomy":"folder","embeddable":true,"href":"https:\/\/www.dinel.us.es\/index.php?rest_route=%2Fwp%2Fv2%2Ffolder&post=1654"}],"curies":[{"name":"wp","href":"https:\/\/api.w.org\/{rel}","templated":true}]}}