{"id":1476,"date":"2024-07-10T12:23:46","date_gmt":"2024-07-10T12:23:46","guid":{"rendered":"https:\/\/www.dinel.us.es\/?page_id=1476"},"modified":"2024-07-19T11:45:54","modified_gmt":"2024-07-19T11:45:54","slug":"sistemas-electronicos-para-smart-grids-2-2","status":"publish","type":"page","link":"https:\/\/www.dinel.us.es\/?page_id=1476","title":{"rendered":"Sistemas Electr\u00f3nicos para Aplicaciones Aerospaciales"},"content":{"rendered":"\n<p>La electr\u00f3nica para aplicaciones espaciales debe sobrevivir en condiciones de operaci\u00f3n extrema, espec\u00edficamente debe ser fiable a pesar de estar sometida a esfuerzos mec\u00e1nicos peri\u00f3dicos (lanzamiento, reentrada, \u00f3rbita), ambientes t\u00e9rmicos extremos (criog\u00e9nicos y altas temperaturas en alto vac\u00edo) e ionizaci\u00f3n (radioactividad). La fiabilidad de los componentes electr\u00f3nicos (componentes pasivos, semiconductores, circuitos impresos, circuitos integrados) es realmente cr\u00edtica para un veh\u00edculo espacial ya que \u00e9stos pueden describirse como estructuras de soporte para sistemas electr\u00f3nicos (paneles solares, planta de potencia el\u00e9ctrica, bater\u00edas, computadoras, telecomunicaciones, propulsi\u00f3n y orientaci\u00f3n).<\/p>\n\n\n\n<p>En esta asignatura se estudian las especificaciones de misi\u00f3n para un veh\u00edculo espacial, t\u00edpicamente un sat\u00e9lite artificial, en t\u00e9rminos de su dise\u00f1o electr\u00f3nico, as\u00ed como las soluciones encontradas a lo largo del casi siglo de presencia de nuestra ingenier\u00eda en el espacio exterior. Tales especificaciones se encarnan en normativa para cualificaci\u00f3n de electr\u00f3nica espacial, tanto en el nivel de plataforma (sat\u00e9lite, sonda) como en los niveles de sistema y componentes.<\/p>\n\n\n<div class=\"wp-block-image\">\n<figure class=\"aligncenter size-full is-resized\"><img loading=\"lazy\" decoding=\"async\" width=\"1020\" height=\"696\" src=\"http:\/\/www.dinel.us.es\/wp-content\/uploads\/2024\/07\/aeroespacial1.png\" alt=\"\" class=\"wp-image-1480\" style=\"width:550px\" srcset=\"https:\/\/www.dinel.us.es\/wp-content\/uploads\/2024\/07\/aeroespacial1.png 1020w, https:\/\/www.dinel.us.es\/wp-content\/uploads\/2024\/07\/aeroespacial1-300x205.png 300w, https:\/\/www.dinel.us.es\/wp-content\/uploads\/2024\/07\/aeroespacial1-768x524.png 768w, https:\/\/www.dinel.us.es\/wp-content\/uploads\/2024\/07\/aeroespacial1-360x246.png 360w\" sizes=\"auto, (max-width: 1020px) 100vw, 1020px\" \/><\/figure>\n<\/div>\n\n\n<p>Los conocimientos adquiridos en dise\u00f1o electr\u00f3nico para espacio tienen amplia utilidad en la carrera profesional, no s\u00f3lo en el sector espacial (lanzadores, veh\u00edculos, estaciones terrenas) sino en otros campos que se nutren de las tecnolog\u00edas electr\u00f3nicas espaciales (plantas de energ\u00eda fotovoltaica, gestores t\u00e9rmicos de electr\u00f3nica, electr\u00f3nicas para ambientes radioactivos, dise\u00f1o robusto de microelectr\u00f3nica para ambientes extremos, etc).<\/p>\n\n\n\n<p>El perfil de entrada en la asignatura es muy amplio ya que los problemas a resolver implican ingenier\u00eda electr\u00f3nica, mec\u00e1nica, t\u00e9rmica, mecatr\u00f3nica y aeron\u00e1utica.<\/p>\n\n\n\n<hr class=\"wp-block-separator has-alpha-channel-opacity\"\/>\n\n\n\n<p>Para m\u00e1s informaci\u00f3n pulse en el siguiente link:<\/p>\n\n\n\n<p><strong><mark style=\"background-color:rgba(0, 0, 0, 0)\" class=\"has-inline-color has-red-color\"><a href=\"https:\/\/www.us.es\/estudiar\/que-estudiar\/oferta-de-masteres\/master-universitario-en-ingenieria-electronica-robotica-y\/51600015\">Sistemas Electr\u00f3nicos para Aplicaciones Aerospaciales<\/a><\/mark><\/strong><\/p>\n\n\n\n<p><\/p>\n\n\n\n<p><\/p>\n\n\n\n<p><\/p>\n\n\n\n<p><\/p>\n\n\n\n<p><\/p>\n\n\n\n<p><\/p>\n\n\n\n<p><\/p>\n\n\n\n<p><\/p>\n\n\n\n<p><\/p>\n\n\n\n<p><\/p>\n\n\n\n<p><\/p>\n","protected":false},"excerpt":{"rendered":"<p>La electr\u00f3nica para aplicaciones espaciales debe sobrevivir en condiciones de operaci\u00f3n extrema, espec\u00edficamente debe ser fiable a pesar de estar sometida a esfuerzos mec\u00e1nicos peri\u00f3dicos (lanzamiento, reentrada, \u00f3rbita), ambientes t\u00e9rmicos extremos (criog\u00e9nicos y altas temperaturas en alto vac\u00edo) e ionizaci\u00f3n <a href=\"https:\/\/www.dinel.us.es\/?page_id=1476\" class=\"read-more\">Leer m\u00e1s&#8230;<\/a><\/p>\n","protected":false},"author":5,"featured_media":0,"parent":0,"menu_order":0,"comment_status":"closed","ping_status":"closed","template":"","meta":{"footnotes":""},"folder":[12],"class_list":["post-1476","page","type-page","status-publish","hentry"],"publishpress_future_action":{"enabled":false,"date":"2026-05-14 19:15:04","action":"change-status","newStatus":"draft","terms":[],"taxonomy":"folder","extraData":[]},"publishpress_future_workflow_manual_trigger":{"enabledWorkflows":[]},"_links":{"self":[{"href":"https:\/\/www.dinel.us.es\/index.php?rest_route=\/wp\/v2\/pages\/1476","targetHints":{"allow":["GET"]}}],"collection":[{"href":"https:\/\/www.dinel.us.es\/index.php?rest_route=\/wp\/v2\/pages"}],"about":[{"href":"https:\/\/www.dinel.us.es\/index.php?rest_route=\/wp\/v2\/types\/page"}],"author":[{"embeddable":true,"href":"https:\/\/www.dinel.us.es\/index.php?rest_route=\/wp\/v2\/users\/5"}],"replies":[{"embeddable":true,"href":"https:\/\/www.dinel.us.es\/index.php?rest_route=%2Fwp%2Fv2%2Fcomments&post=1476"}],"version-history":[{"count":3,"href":"https:\/\/www.dinel.us.es\/index.php?rest_route=\/wp\/v2\/pages\/1476\/revisions"}],"predecessor-version":[{"id":1483,"href":"https:\/\/www.dinel.us.es\/index.php?rest_route=\/wp\/v2\/pages\/1476\/revisions\/1483"}],"wp:attachment":[{"href":"https:\/\/www.dinel.us.es\/index.php?rest_route=%2Fwp%2Fv2%2Fmedia&parent=1476"}],"wp:term":[{"taxonomy":"folder","embeddable":true,"href":"https:\/\/www.dinel.us.es\/index.php?rest_route=%2Fwp%2Fv2%2Ffolder&post=1476"}],"curies":[{"name":"wp","href":"https:\/\/api.w.org\/{rel}","templated":true}]}}