{"id":1453,"date":"2024-07-10T12:23:46","date_gmt":"2024-07-10T12:23:46","guid":{"rendered":"https:\/\/www.dinel.us.es\/?page_id=1453"},"modified":"2024-07-19T11:47:12","modified_gmt":"2024-07-19T11:47:12","slug":"sistemas-electronicos-para-smart-grids-3-3","status":"publish","type":"page","link":"https:\/\/www.dinel.us.es\/?page_id=1453","title":{"rendered":"Sistemas Digitales Avanzados y Aplicaciones"},"content":{"rendered":"\n<p>La asignatura de Sistemas Digitales Avanzados y Aplicaciones se divide en dos partes fundamentales que abordan temas clave en la tecnolog\u00eda digital moderna. En la primera parte, se exploran los Sistemas Embebidos y sistemas procesadores avanzados, donde los estudiantes aprender\u00e1n sobre dispositivos IoT, jerarqu\u00eda de memoria, arquitecturas de ejecuci\u00f3n paralela y sistemas operativos embebidos. A trav\u00e9s de pr\u00e1cticas con la Raspberry Pi y programaci\u00f3n en Python sobre un sistema operativo, los estudiantes desarrollar\u00e1n habilidades pr\u00e1cticas en el dise\u00f1o e implementaci\u00f3n de sistemas embebidos inteligentes, con capacidad de computaci\u00f3n en el borde y conectividad a servicios digitales .<\/p>\n\n\n\n<p>La segunda parte de la asignatura se enfoca en los Dispositivos L\u00f3gicos Programables Avanzados, proporcionando a los estudiantes un profundo entendimiento de las Metodolog\u00edas de Dise\u00f1o Avanzado y Verificaci\u00f3n. En esta secci\u00f3n, se explicar\u00e1n t\u00e9cnicas avanzadas de dise\u00f1o de circuitos digitales, as\u00ed como las estrategias de verificaci\u00f3n est\u00e1ndares de la industria, utilizadas para verificar dise\u00f1os con un alto nivel de confianza.<\/p>\n\n\n\n<p>Al final del curso, los participantes estar\u00e1n capacitados para enfrentar problemas complejos en el \u00e1mbito de los sistemas digitales y desarrollar soluciones innovadoras utilizando tanto sistemas embebidos como dispositivos l\u00f3gicos programables avanzados, as\u00ed como planificar y desarrollar entornos de verificaci\u00f3n para circuitos digitales de alta complejidad.<\/p>\n\n\n<div class=\"wp-block-image\">\n<figure class=\"aligncenter size-large is-resized\"><img loading=\"lazy\" decoding=\"async\" width=\"1024\" height=\"395\" src=\"http:\/\/www.dinel.us.es\/wp-content\/uploads\/2024\/07\/unionsistemas-1024x395.png\" alt=\"\" class=\"wp-image-1474\" style=\"width:700px\" srcset=\"https:\/\/www.dinel.us.es\/wp-content\/uploads\/2024\/07\/unionsistemas-1024x395.png 1024w, https:\/\/www.dinel.us.es\/wp-content\/uploads\/2024\/07\/unionsistemas-300x116.png 300w, https:\/\/www.dinel.us.es\/wp-content\/uploads\/2024\/07\/unionsistemas-768x297.png 768w, https:\/\/www.dinel.us.es\/wp-content\/uploads\/2024\/07\/unionsistemas-360x139.png 360w, https:\/\/www.dinel.us.es\/wp-content\/uploads\/2024\/07\/unionsistemas.png 1476w\" sizes=\"auto, (max-width: 1024px) 100vw, 1024px\" \/><\/figure>\n<\/div>\n\n\n<p>Las competencias impartidas en la asignatura son altamente valoradas en diversas industrias en los sectores de tecnolog\u00eda y electr\u00f3nica, automoci\u00f3n, telecomunicaciones, dispositivos m\u00e9dicos, aeron\u00e1utica, Internet de las Cosas (IoT) y Smart Home, seguridad y defensa y consultor\u00eda y servicios profesionales.<\/p>\n\n\n\n<hr class=\"wp-block-separator has-alpha-channel-opacity\"\/>\n\n\n\n<p>Para m\u00e1s informaci\u00f3n pulse en el siguiente link:<\/p>\n\n\n\n<p><a href=\"https:\/\/www.us.es\/estudiar\/que-estudiar\/oferta-de-masteres\/master-universitario-en-ingenieria-electronica-robotica-y\/51600014\"><strong><mark style=\"background-color:rgba(0, 0, 0, 0)\" class=\"has-inline-color has-red-color\">Sistemas Digitales Avanzados y Aplicaciones<\/mark><\/strong><\/a><\/p>\n\n\n\n<p><\/p>\n","protected":false},"excerpt":{"rendered":"<p>La asignatura de Sistemas Digitales Avanzados y Aplicaciones se divide en dos partes fundamentales que abordan temas clave en la tecnolog\u00eda digital moderna. En la primera parte, se exploran los Sistemas Embebidos y sistemas procesadores avanzados, donde los estudiantes aprender\u00e1n <a href=\"https:\/\/www.dinel.us.es\/?page_id=1453\" class=\"read-more\">Leer m\u00e1s&#8230;<\/a><\/p>\n","protected":false},"author":5,"featured_media":0,"parent":0,"menu_order":0,"comment_status":"closed","ping_status":"closed","template":"","meta":{"footnotes":""},"folder":[12],"class_list":["post-1453","page","type-page","status-publish","hentry"],"publishpress_future_action":{"enabled":false,"date":"2026-05-14 06:56:40","action":"change-status","newStatus":"draft","terms":[],"taxonomy":"folder","extraData":[]},"publishpress_future_workflow_manual_trigger":{"enabledWorkflows":[]},"_links":{"self":[{"href":"https:\/\/www.dinel.us.es\/index.php?rest_route=\/wp\/v2\/pages\/1453","targetHints":{"allow":["GET"]}}],"collection":[{"href":"https:\/\/www.dinel.us.es\/index.php?rest_route=\/wp\/v2\/pages"}],"about":[{"href":"https:\/\/www.dinel.us.es\/index.php?rest_route=\/wp\/v2\/types\/page"}],"author":[{"embeddable":true,"href":"https:\/\/www.dinel.us.es\/index.php?rest_route=\/wp\/v2\/users\/5"}],"replies":[{"embeddable":true,"href":"https:\/\/www.dinel.us.es\/index.php?rest_route=%2Fwp%2Fv2%2Fcomments&post=1453"}],"version-history":[{"count":13,"href":"https:\/\/www.dinel.us.es\/index.php?rest_route=\/wp\/v2\/pages\/1453\/revisions"}],"predecessor-version":[{"id":1486,"href":"https:\/\/www.dinel.us.es\/index.php?rest_route=\/wp\/v2\/pages\/1453\/revisions\/1486"}],"wp:attachment":[{"href":"https:\/\/www.dinel.us.es\/index.php?rest_route=%2Fwp%2Fv2%2Fmedia&parent=1453"}],"wp:term":[{"taxonomy":"folder","embeddable":true,"href":"https:\/\/www.dinel.us.es\/index.php?rest_route=%2Fwp%2Fv2%2Ffolder&post=1453"}],"curies":[{"name":"wp","href":"https:\/\/api.w.org\/{rel}","templated":true}]}}