{"id":1404,"date":"2024-07-10T12:23:46","date_gmt":"2024-07-10T12:23:46","guid":{"rendered":"https:\/\/www.dinel.us.es\/?page_id=1404"},"modified":"2024-07-19T11:44:08","modified_gmt":"2024-07-19T11:44:08","slug":"sistemas-electronicos-para-smart-grids-3-2","status":"publish","type":"page","link":"https:\/\/www.dinel.us.es\/?page_id=1404","title":{"rendered":"Microsistemas y Nanotecnolog\u00edas"},"content":{"rendered":"\n<p>La miniaturizaci\u00f3n de dispositivos en las \u00faltimas d\u00e9cadas est\u00e1 provocando un elevado impacto en nuestra sociedad, en campos tan diversos como las comunicaciones, salud, automoci\u00f3n o espacio, entre otros. Esta miniaturizaci\u00f3n facilita la interacci\u00f3n con el usuario creando la inteligencia ambiental, reduce el peso y el consumo de energ\u00eda favoreciendo el desarrollo de dispositivos port\u00e1tiles.<\/p>\n\n\n\n<p>En la asignatura se introduce la tecnolog\u00eda de microsistemas y sus aplicaciones m\u00e1s relevantes. Posteriormente, el alumno desarrolla un proyecto completo, partiendo de su definici\u00f3n, pasando por su modelado, simulaci\u00f3n multif\u00edsica, dise\u00f1o de flujo de proceso, hasta completar su fabricaci\u00f3n en sala blanca y evaluaci\u00f3n en laboratorio. A modo de ejemplo, en la fotograf\u00eda se muestra un sistema de producci\u00f3n de microgotas desarrollado en las \u00faltimas ediciones del curso.<\/p>\n\n\n<div class=\"wp-block-image\">\n<figure class=\"aligncenter size-full is-resized\"><img loading=\"lazy\" decoding=\"async\" width=\"715\" height=\"480\" src=\"https:\/\/www.dinel.us.es\/wp-content\/uploads\/2024\/07\/gotas-1.png\" alt=\"\" class=\"wp-image-1381\" style=\"width:500px\" srcset=\"https:\/\/www.dinel.us.es\/wp-content\/uploads\/2024\/07\/gotas-1.png 715w, https:\/\/www.dinel.us.es\/wp-content\/uploads\/2024\/07\/gotas-1-300x201.png 300w, https:\/\/www.dinel.us.es\/wp-content\/uploads\/2024\/07\/gotas-1-360x242.png 360w\" sizes=\"auto, (max-width: 715px) 100vw, 715px\" \/><\/figure>\n<\/div>\n\n\n<p>Profesores de la asignatura han fundado Solar MEMS Technologies, empresa de base de conocimiento de la Universidad de Sevilla, especializada en dispositivos para espacio fabricados con tecnolog\u00eda de microsistemas. Durante el curso se visita sus instalaciones y salas de fabricaci\u00f3n.<\/p>\n\n\n\n<hr class=\"wp-block-separator has-alpha-channel-opacity\"\/>\n\n\n\n<p>Para m\u00e1s informaci\u00f3n pulse en el siguiente link:<\/p>\n\n\n\n<p><a href=\"https:\/\/www.us.es\/estudiar\/que-estudiar\/oferta-de-masteres\/master-universitario-en-ingenieria-industrial\/51460071\"><mark style=\"background-color:rgba(0, 0, 0, 0)\" class=\"has-inline-color has-red-color\"><strong>Microsistemas y Nanotecnolog\u00edas<\/strong><\/mark><\/a><\/p>\n","protected":false},"excerpt":{"rendered":"<p>La miniaturizaci\u00f3n de dispositivos en las \u00faltimas d\u00e9cadas est\u00e1 provocando un elevado impacto en nuestra sociedad, en campos tan diversos como las comunicaciones, salud, automoci\u00f3n o espacio, entre otros. Esta miniaturizaci\u00f3n facilita la interacci\u00f3n con el usuario creando la inteligencia <a href=\"https:\/\/www.dinel.us.es\/?page_id=1404\" class=\"read-more\">Leer m\u00e1s&#8230;<\/a><\/p>\n","protected":false},"author":5,"featured_media":0,"parent":0,"menu_order":0,"comment_status":"closed","ping_status":"closed","template":"","meta":{"footnotes":""},"folder":[12],"class_list":["post-1404","page","type-page","status-publish","hentry"],"publishpress_future_action":{"enabled":false,"date":"2026-05-14 13:04:28","action":"change-status","newStatus":"draft","terms":[],"taxonomy":"folder","extraData":[]},"publishpress_future_workflow_manual_trigger":{"enabledWorkflows":[]},"_links":{"self":[{"href":"https:\/\/www.dinel.us.es\/index.php?rest_route=\/wp\/v2\/pages\/1404","targetHints":{"allow":["GET"]}}],"collection":[{"href":"https:\/\/www.dinel.us.es\/index.php?rest_route=\/wp\/v2\/pages"}],"about":[{"href":"https:\/\/www.dinel.us.es\/index.php?rest_route=\/wp\/v2\/types\/page"}],"author":[{"embeddable":true,"href":"https:\/\/www.dinel.us.es\/index.php?rest_route=\/wp\/v2\/users\/5"}],"replies":[{"embeddable":true,"href":"https:\/\/www.dinel.us.es\/index.php?rest_route=%2Fwp%2Fv2%2Fcomments&post=1404"}],"version-history":[{"count":6,"href":"https:\/\/www.dinel.us.es\/index.php?rest_route=\/wp\/v2\/pages\/1404\/revisions"}],"predecessor-version":[{"id":1443,"href":"https:\/\/www.dinel.us.es\/index.php?rest_route=\/wp\/v2\/pages\/1404\/revisions\/1443"}],"wp:attachment":[{"href":"https:\/\/www.dinel.us.es\/index.php?rest_route=%2Fwp%2Fv2%2Fmedia&parent=1404"}],"wp:term":[{"taxonomy":"folder","embeddable":true,"href":"https:\/\/www.dinel.us.es\/index.php?rest_route=%2Fwp%2Fv2%2Ffolder&post=1404"}],"curies":[{"name":"wp","href":"https:\/\/api.w.org\/{rel}","templated":true}]}}