{"id":1375,"date":"2024-07-10T12:23:46","date_gmt":"2024-07-10T12:23:46","guid":{"rendered":"https:\/\/www.dinel.us.es\/?page_id=1375"},"modified":"2024-07-17T11:03:38","modified_gmt":"2024-07-17T11:03:38","slug":"sistemas-electronicos-para-smart-grids-3","status":"publish","type":"page","link":"https:\/\/www.dinel.us.es\/?page_id=1375","title":{"rendered":"Micro y Nano Electr\u00f3nica"},"content":{"rendered":"\n<p>La microelectr\u00f3nica es una rama de la ingenier\u00eda que se enfoca en el dise\u00f1o y la fabricaci\u00f3n de circuitos electr\u00f3nicos a escala microsc\u00f3pica (circuitos integrados), utilizando componentes semiconductores como el transistor MOS como dispositivo fundamental. Com\u00fanmente se acepta que la microelectr\u00f3nica se refiere a tecnolog\u00edas de fabricaci\u00f3n con componentes de dimensiones m\u00ednimas superiores a 100nm, mientras que la nanoelectr\u00f3nica se refiere a tecnolog\u00edas con dispositivos de dimensiones inferiores. Los circuitos integrados son fundamentales en la creaci\u00f3n de dispositivos electr\u00f3nicos modernos y su importancia radica en su capacidad para aumentar el rendimiento, reducir el tama\u00f1o y el consumo energ\u00e9tico de los dispositivos electr\u00f3nicos, lo que impulsa la innovaci\u00f3n tecnol\u00f3gica en m\u00faltiples sectores.<\/p>\n\n\n\n<p>Esta asignatura se centra en conocer y aplicar el flujo de dise\u00f1o microelectr\u00f3nico seguido en la industria para la fabricaci\u00f3n de circuitos integrados anal\u00f3gicos. Se trata de una asignatura de car\u00e1cter eminentemente pr\u00e1ctico con evaluaci\u00f3n orientada a proyecto. Tras cursarla, los estudiantes ser\u00e1n capaces de dise\u00f1ar un sistema electr\u00f3nico completo manejando software profesional CAD para el dise\u00f1o de circuitos integrados. Adem\u00e1s ser\u00e1n capaces de utilizar lenguajes de descripci\u00f3n hardware para circuitos anal\u00f3gicos, \u00fatiles para el modelado de bloques electr\u00f3nicos b\u00e1sicos a partir de sus especificaciones.<\/p>\n\n\n<div class=\"wp-block-image\">\n<figure class=\"aligncenter size-full is-resized\"><img loading=\"lazy\" decoding=\"async\" width=\"2560\" height=\"1920\" src=\"http:\/\/www.dinel.us.es\/wp-content\/uploads\/2024\/07\/chip-scaled.jpg\" alt=\"\" class=\"wp-image-1406\" style=\"width:500px\" srcset=\"https:\/\/www.dinel.us.es\/wp-content\/uploads\/2024\/07\/chip-scaled.jpg 2560w, https:\/\/www.dinel.us.es\/wp-content\/uploads\/2024\/07\/chip-300x225.jpg 300w, https:\/\/www.dinel.us.es\/wp-content\/uploads\/2024\/07\/chip-1024x768.jpg 1024w, https:\/\/www.dinel.us.es\/wp-content\/uploads\/2024\/07\/chip-768x576.jpg 768w, https:\/\/www.dinel.us.es\/wp-content\/uploads\/2024\/07\/chip-1536x1152.jpg 1536w, https:\/\/www.dinel.us.es\/wp-content\/uploads\/2024\/07\/chip-2048x1536.jpg 2048w, https:\/\/www.dinel.us.es\/wp-content\/uploads\/2024\/07\/chip-360x270.jpg 360w\" sizes=\"auto, (max-width: 2560px) 100vw, 2560px\" \/><\/figure>\n<\/div>\n\n\n<p>La titulaci\u00f3n forma parte del proyecto USECHIP, como parte de la iniciativa de la Escuela de Ingenieros de Sevilla en la convocatoria de c\u00e1tedras PERTE-CHIP de la Universidad de Sevilla. Por su tem\u00e1tica y metodolog\u00eda, esta asignatura est\u00e1 completamente alineada con el principal objetivo de esta convocatoria.<\/p>\n\n\n\n<p>Entre las empresas del sector interesadas en contar con este tipo de perfiles se encuentran:<\/p>\n\n\n\n<p>Alter Technologies<\/p>\n\n\n\n<p>Analog Devices<\/p>\n\n\n\n<p>NXP<\/p>\n\n\n\n<p>ST Microelectronics<\/p>\n\n\n\n<p>InfineonTechnologies<\/p>\n\n\n\n<p>Micron<\/p>\n\n\n\n<p>Microchip<\/p>\n\n\n\n<p>Texas Instruments<\/p>\n\n\n\n<p>Bosh<\/p>\n\n\n\n<p>Fagor<\/p>\n\n\n\n<p>Ontech Security<\/p>\n\n\n\n<p><\/p>\n\n\n\n<hr class=\"wp-block-separator has-alpha-channel-opacity\"\/>\n\n\n\n<p>Para m\u00e1s informaci\u00f3n pulse en el siguiente link:<\/p>\n\n\n\n<p><a href=\"https:\/\/www.us.es\/estudiar\/que-estudiar\/oferta-de-masteres\/master-universitario-en-ingenieria-electronica-robotica-y\/51600006\"><strong><mark style=\"background-color:rgba(0, 0, 0, 0)\" class=\"has-inline-color has-red-color\">Micro y Nano Electr\u00f3nica<\/mark><\/strong><\/a><\/p>\n\n\n\n<p><\/p>\n","protected":false},"excerpt":{"rendered":"<p>La microelectr\u00f3nica es una rama de la ingenier\u00eda que se enfoca en el dise\u00f1o y la fabricaci\u00f3n de circuitos electr\u00f3nicos a escala microsc\u00f3pica (circuitos integrados), utilizando componentes semiconductores como el transistor MOS como dispositivo fundamental. Com\u00fanmente se acepta que la <a href=\"https:\/\/www.dinel.us.es\/?page_id=1375\" class=\"read-more\">Leer m\u00e1s&#8230;<\/a><\/p>\n","protected":false},"author":5,"featured_media":0,"parent":0,"menu_order":0,"comment_status":"closed","ping_status":"closed","template":"","meta":{"footnotes":""},"folder":[12],"class_list":["post-1375","page","type-page","status-publish","hentry"],"publishpress_future_action":{"enabled":false,"date":"2026-05-14 13:32:48","action":"change-status","newStatus":"draft","terms":[],"taxonomy":"folder","extraData":[]},"publishpress_future_workflow_manual_trigger":{"enabledWorkflows":[]},"_links":{"self":[{"href":"https:\/\/www.dinel.us.es\/index.php?rest_route=\/wp\/v2\/pages\/1375","targetHints":{"allow":["GET"]}}],"collection":[{"href":"https:\/\/www.dinel.us.es\/index.php?rest_route=\/wp\/v2\/pages"}],"about":[{"href":"https:\/\/www.dinel.us.es\/index.php?rest_route=\/wp\/v2\/types\/page"}],"author":[{"embeddable":true,"href":"https:\/\/www.dinel.us.es\/index.php?rest_route=\/wp\/v2\/users\/5"}],"replies":[{"embeddable":true,"href":"https:\/\/www.dinel.us.es\/index.php?rest_route=%2Fwp%2Fv2%2Fcomments&post=1375"}],"version-history":[{"count":17,"href":"https:\/\/www.dinel.us.es\/index.php?rest_route=\/wp\/v2\/pages\/1375\/revisions"}],"predecessor-version":[{"id":1442,"href":"https:\/\/www.dinel.us.es\/index.php?rest_route=\/wp\/v2\/pages\/1375\/revisions\/1442"}],"wp:attachment":[{"href":"https:\/\/www.dinel.us.es\/index.php?rest_route=%2Fwp%2Fv2%2Fmedia&parent=1375"}],"wp:term":[{"taxonomy":"folder","embeddable":true,"href":"https:\/\/www.dinel.us.es\/index.php?rest_route=%2Fwp%2Fv2%2Ffolder&post=1375"}],"curies":[{"name":"wp","href":"https:\/\/api.w.org\/{rel}","templated":true}]}}