{"id":1350,"date":"2024-07-10T12:23:46","date_gmt":"2024-07-10T12:23:46","guid":{"rendered":"https:\/\/www.dinel.us.es\/?page_id=1350"},"modified":"2024-07-19T11:44:27","modified_gmt":"2024-07-19T11:44:27","slug":"sistemas-electronicos-para-smart-grids-2","status":"publish","type":"page","link":"https:\/\/www.dinel.us.es\/?page_id=1350","title":{"rendered":"Sistemas Electr\u00f3nicos para Gesti\u00f3n de Energ\u00edas Renovables"},"content":{"rendered":"\n<p>La necesidad de conseguir una sociedad m\u00e1s sostenible requiere que se tomen acciones que mitiguen y reviertan los efectos del cambio clim\u00e1tico. Como parte fundamental de esas acciones, el incremento del uso de fuentes de energ\u00edas renovables resulta prioritario para realizar una transici\u00f3n energ\u00e9tica orientada a la sostenibilidad y protecci\u00f3n del medio ambiente. <\/p>\n\n\n\n<p>En esta asignatura se estudian las tecnolog\u00edas claves que permiten la integraci\u00f3n en la red el\u00e9ctricas de las fuentes de energ\u00eda renovables e\u00f3lica y fotovoltaica. Adem\u00e1s, se analizan otras tecnolog\u00edas asociadas a la gesti\u00f3n eficiente de la energ\u00eda el\u00e9ctrica como son los dispositivos FACTS, para asegurar la estabilidad de la red, la trasmisi\u00f3n HVDC. Tambi\u00e9n, se investiga el uso de sistemas de almacenamiento y veh\u00edculos el\u00e9ctricos como elementos que permiten alcanzar altos \u00edndices de penetraci\u00f3n de las energ\u00edas renovables.<\/p>\n\n\n<div class=\"wp-block-image\">\n<figure class=\"aligncenter size-large is-resized\"><img loading=\"lazy\" decoding=\"async\" width=\"1024\" height=\"592\" src=\"http:\/\/www.dinel.us.es\/wp-content\/uploads\/2024\/07\/image001-1024x592.png\" alt=\"\" class=\"wp-image-1386\" style=\"width:600px\" srcset=\"https:\/\/www.dinel.us.es\/wp-content\/uploads\/2024\/07\/image001-1024x592.png 1024w, https:\/\/www.dinel.us.es\/wp-content\/uploads\/2024\/07\/image001-300x173.png 300w, https:\/\/www.dinel.us.es\/wp-content\/uploads\/2024\/07\/image001-768x444.png 768w, https:\/\/www.dinel.us.es\/wp-content\/uploads\/2024\/07\/image001-1536x888.png 1536w, https:\/\/www.dinel.us.es\/wp-content\/uploads\/2024\/07\/image001-360x208.png 360w, https:\/\/www.dinel.us.es\/wp-content\/uploads\/2024\/07\/image001.png 1660w\" sizes=\"auto, (max-width: 1024px) 100vw, 1024px\" \/><\/figure>\n<\/div>\n\n\n<p>Entre las empresas del sector interesadas en contar con este tipo de perfiles se encuentran:<\/p>\n\n\n\n<ul class=\"wp-block-list\">\n<li>ABB<\/li>\n\n\n\n<li>CEN Energy Solutions<\/li>\n\n\n\n<li>EKS Energy &#8211; Hitachi<\/li>\n\n\n\n<li>ENDESA<\/li>\n\n\n\n<li>HESS<\/li>\n\n\n\n<li>Iberdrola<\/li>\n\n\n\n<li>Ingeteam<\/li>\n\n\n\n<li>Power Electronics<\/li>\n\n\n\n<li>Schneider<\/li>\n\n\n\n<li>Siemens<\/li>\n\n\n\n<li>Skylife<\/li>\n<\/ul>\n\n\n\n<hr class=\"wp-block-separator has-alpha-channel-opacity\"\/>\n\n\n\n<p>Para m\u00e1s informaci\u00f3n pulse en el siguiente link:<\/p>\n\n\n\n<p><strong><a href=\"https:\/\/www.us.es\/estudiar\/que-estudiar\/oferta-de-masteres\/master-universitario-en-ingenieria-electronica-robotica-y\/51600016\"><mark style=\"background-color:rgba(0, 0, 0, 0)\" class=\"has-inline-color has-red-color\">Sistemas Electr\u00f3nicos para Gesti\u00f3n de Energ\u00edas Renovables<\/mark><\/a><\/strong><\/p>\n\n\n\n<p><\/p>\n\n\n\n<p><\/p>\n\n\n\n<p><\/p>\n\n\n\n<p><\/p>\n\n\n\n<p><\/p>\n\n\n\n<p><\/p>\n\n\n\n<p><\/p>\n\n\n\n<p><\/p>\n\n\n\n<p><\/p>\n\n\n\n<p><\/p>\n\n\n\n<p><\/p>\n","protected":false},"excerpt":{"rendered":"<p>La necesidad de conseguir una sociedad m\u00e1s sostenible requiere que se tomen acciones que mitiguen y reviertan los efectos del cambio clim\u00e1tico. Como parte fundamental de esas acciones, el incremento del uso de fuentes de energ\u00edas renovables resulta prioritario para <a href=\"https:\/\/www.dinel.us.es\/?page_id=1350\" class=\"read-more\">Leer m\u00e1s&#8230;<\/a><\/p>\n","protected":false},"author":5,"featured_media":0,"parent":0,"menu_order":0,"comment_status":"closed","ping_status":"closed","template":"","meta":{"footnotes":""},"folder":[12],"class_list":["post-1350","page","type-page","status-publish","hentry"],"publishpress_future_action":{"enabled":false,"date":"2026-05-11 01:41:01","action":"change-status","newStatus":"draft","terms":[],"taxonomy":"folder","extraData":[]},"publishpress_future_workflow_manual_trigger":{"enabledWorkflows":[]},"_links":{"self":[{"href":"https:\/\/www.dinel.us.es\/index.php?rest_route=\/wp\/v2\/pages\/1350","targetHints":{"allow":["GET"]}}],"collection":[{"href":"https:\/\/www.dinel.us.es\/index.php?rest_route=\/wp\/v2\/pages"}],"about":[{"href":"https:\/\/www.dinel.us.es\/index.php?rest_route=\/wp\/v2\/types\/page"}],"author":[{"embeddable":true,"href":"https:\/\/www.dinel.us.es\/index.php?rest_route=\/wp\/v2\/users\/5"}],"replies":[{"embeddable":true,"href":"https:\/\/www.dinel.us.es\/index.php?rest_route=%2Fwp%2Fv2%2Fcomments&post=1350"}],"version-history":[{"count":12,"href":"https:\/\/www.dinel.us.es\/index.php?rest_route=\/wp\/v2\/pages\/1350\/revisions"}],"predecessor-version":[{"id":1441,"href":"https:\/\/www.dinel.us.es\/index.php?rest_route=\/wp\/v2\/pages\/1350\/revisions\/1441"}],"wp:attachment":[{"href":"https:\/\/www.dinel.us.es\/index.php?rest_route=%2Fwp%2Fv2%2Fmedia&parent=1350"}],"wp:term":[{"taxonomy":"folder","embeddable":true,"href":"https:\/\/www.dinel.us.es\/index.php?rest_route=%2Fwp%2Fv2%2Ffolder&post=1350"}],"curies":[{"name":"wp","href":"https:\/\/api.w.org\/{rel}","templated":true}]}}