{"id":1325,"date":"2024-07-10T12:22:37","date_gmt":"2024-07-10T12:22:37","guid":{"rendered":"https:\/\/www.dinel.us.es\/?page_id=1325"},"modified":"2024-07-19T11:46:20","modified_gmt":"2024-07-19T11:46:20","slug":"master-universitario-en-ingenieria-electronica-robotica-y-automatica","status":"publish","type":"page","link":"https:\/\/www.dinel.us.es\/?page_id=1325","title":{"rendered":"M\u00e1ster Universitario en Ingenier\u00eda Electr\u00f3nica, Rob\u00f3tica y Autom\u00e1tica"},"content":{"rendered":"\n<h2 class=\"wp-block-heading\"><mark style=\"background-color:rgba(0, 0, 0, 0)\" class=\"has-inline-color has-gray-color\">Comunicaciones Industriales<\/mark><\/h2>\n\n\n\n<h2 class=\"wp-block-heading\"><strong><a href=\"https:\/\/www.dinel.us.es\/?page_id=1375\">Micro y Nano Electr\u00f3nica<\/a><\/strong><\/h2>\n\n\n\n<h2 class=\"wp-block-heading\"><strong><a href=\"https:\/\/www.dinel.us.es\/?page_id=1404\" data-type=\"link\" data-id=\"https:\/\/www.dinel.us.es\/?page_id=1404\">Microsistemas y Nanotecnolog\u00edas<\/a><\/strong><\/h2>\n\n\n\n<h2 class=\"wp-block-heading\"><strong><a href=\"https:\/\/www.dinel.us.es\/?page_id=1397\">Redes inal\u00e1mbricas de sensores<\/a><\/strong><\/h2>\n\n\n\n<h2 class=\"wp-block-heading\"><a href=\"https:\/\/www.dinel.us.es\/?page_id=1453\"><strong>Sistemas Digitales Avanzados y Aplicaciones<\/strong><\/a><\/h2>\n\n\n\n<h2 class=\"wp-block-heading\"><a href=\"https:\/\/www.dinel.us.es\/?page_id=1476\"><strong>Sistemas Electr\u00f3nicos para Aplicaciones Aeroespaciales<\/strong><\/a><\/h2>\n\n\n\n<h2 class=\"wp-block-heading\"><strong><strong><a href=\"https:\/\/www.dinel.us.es\/?page_id=1350\">Sistemas Electr\u00f3nicos para Gesti\u00f3n de Energ\u00edas Renovables<\/a><\/strong><\/strong><\/h2>\n\n\n\n<h2 class=\"wp-block-heading\"><strong><a href=\"https:\/\/www.dinel.us.es\/?page_id=1321\">Sistemas Electr\u00f3nicos para Smart Grids<\/a><\/strong><\/h2>\n\n\n\n<h2 class=\"wp-block-heading\"><\/h2>\n","protected":false},"excerpt":{"rendered":"<p>Comunicaciones Industriales Micro y Nano Electr\u00f3nica Microsistemas y Nanotecnolog\u00edas Redes inal\u00e1mbricas de sensores Sistemas Digitales Avanzados y Aplicaciones Sistemas Electr\u00f3nicos para Aplicaciones Aeroespaciales Sistemas Electr\u00f3nicos para Gesti\u00f3n de Energ\u00edas Renovables Sistemas Electr\u00f3nicos para Smart Grids<\/p>\n","protected":false},"author":5,"featured_media":0,"parent":0,"menu_order":0,"comment_status":"closed","ping_status":"closed","template":"","meta":{"footnotes":""},"folder":[12],"class_list":["post-1325","page","type-page","status-publish","hentry"],"publishpress_future_action":{"enabled":false,"date":"2026-05-14 03:46:05","action":"change-status","newStatus":"draft","terms":[],"taxonomy":"folder","extraData":[]},"publishpress_future_workflow_manual_trigger":{"enabledWorkflows":[]},"_links":{"self":[{"href":"https:\/\/www.dinel.us.es\/index.php?rest_route=\/wp\/v2\/pages\/1325","targetHints":{"allow":["GET"]}}],"collection":[{"href":"https:\/\/www.dinel.us.es\/index.php?rest_route=\/wp\/v2\/pages"}],"about":[{"href":"https:\/\/www.dinel.us.es\/index.php?rest_route=\/wp\/v2\/types\/page"}],"author":[{"embeddable":true,"href":"https:\/\/www.dinel.us.es\/index.php?rest_route=\/wp\/v2\/users\/5"}],"replies":[{"embeddable":true,"href":"https:\/\/www.dinel.us.es\/index.php?rest_route=%2Fwp%2Fv2%2Fcomments&post=1325"}],"version-history":[{"count":18,"href":"https:\/\/www.dinel.us.es\/index.php?rest_route=\/wp\/v2\/pages\/1325\/revisions"}],"predecessor-version":[{"id":1484,"href":"https:\/\/www.dinel.us.es\/index.php?rest_route=\/wp\/v2\/pages\/1325\/revisions\/1484"}],"wp:attachment":[{"href":"https:\/\/www.dinel.us.es\/index.php?rest_route=%2Fwp%2Fv2%2Fmedia&parent=1325"}],"wp:term":[{"taxonomy":"folder","embeddable":true,"href":"https:\/\/www.dinel.us.es\/index.php?rest_route=%2Fwp%2Fv2%2Ffolder&post=1325"}],"curies":[{"name":"wp","href":"https:\/\/api.w.org\/{rel}","templated":true}]}}