{"id":1321,"date":"2024-07-10T12:23:46","date_gmt":"2024-07-10T12:23:46","guid":{"rendered":"https:\/\/www.dinel.us.es\/?page_id=1321"},"modified":"2024-07-17T11:07:00","modified_gmt":"2024-07-17T11:07:00","slug":"sistemas-electronicos-para-smart-grids","status":"publish","type":"page","link":"https:\/\/www.dinel.us.es\/?page_id=1321","title":{"rendered":"Sistemas Electr\u00f3nicos para Smart Grids"},"content":{"rendered":"\n<p>La necesidad de conseguir una sociedad m\u00e1s sostenible requiere que se tomen acciones que mitiguen y reviertan los efectos del cambio clim\u00e1tico. Como parte fundamental de esas acciones, resulta necesario una gesti\u00f3n eficiente de la energ\u00eda el\u00e9ctrica a trav\u00e9s de conceptos como las Smart Grids, que suponen un cambio de paradigma en el modo en el que se genera, trasmite y consume la energ\u00eda el\u00e9ctrica. <\/p>\n\n\n\n<p>En esta asignatura se estudian las tecnolog\u00edas claves que habilitan la integraci\u00f3n de elementos y la operaci\u00f3n de las Smart Grids. En este sentido, los sistemas de conversi\u00f3n de potencia son las piezas fundamentales que permiten la interconexi\u00f3n de los distintos sistemas que conforman la Smart Grid. Por tanto, en la asignatura se analizan diferentes topolog\u00edas de convertidores de potencia, incluyendo sistemas multinivel para aplicaciones de media y alta potencia. Tambi\u00e9n se estudian las diferentes t\u00e9cnicas de modulaci\u00f3n y control que permiten la operaci\u00f3n de estos sistemas.<\/p>\n\n\n<div class=\"wp-block-image\">\n<figure class=\"aligncenter size-full is-resized\"><img loading=\"lazy\" decoding=\"async\" width=\"2500\" height=\"1441\" src=\"http:\/\/www.dinel.us.es\/wp-content\/uploads\/2024\/07\/image001-2.png\" alt=\"\" class=\"wp-image-1395\" style=\"width:700px\" srcset=\"https:\/\/www.dinel.us.es\/wp-content\/uploads\/2024\/07\/image001-2.png 2500w, https:\/\/www.dinel.us.es\/wp-content\/uploads\/2024\/07\/image001-2-300x173.png 300w, https:\/\/www.dinel.us.es\/wp-content\/uploads\/2024\/07\/image001-2-1024x590.png 1024w, https:\/\/www.dinel.us.es\/wp-content\/uploads\/2024\/07\/image001-2-768x443.png 768w, https:\/\/www.dinel.us.es\/wp-content\/uploads\/2024\/07\/image001-2-1536x885.png 1536w, https:\/\/www.dinel.us.es\/wp-content\/uploads\/2024\/07\/image001-2-2048x1180.png 2048w, https:\/\/www.dinel.us.es\/wp-content\/uploads\/2024\/07\/image001-2-360x208.png 360w\" sizes=\"auto, (max-width: 2500px) 100vw, 2500px\" \/><\/figure>\n<\/div>\n\n\n<p>Entre las empresas del sector interesadas en contar con este tipo de perfiles se encuentran:<\/p>\n\n\n\n<ul class=\"wp-block-list\">\n<li>ABB<\/li>\n\n\n\n<li>CEN Energy Solutions<\/li>\n\n\n\n<li>EKS Energy &#8211; Hitachi<\/li>\n\n\n\n<li>ENDESA<\/li>\n\n\n\n<li>HESS<\/li>\n\n\n\n<li>Iberdrola<\/li>\n\n\n\n<li>Ingeteam<\/li>\n\n\n\n<li>Power Electronics<\/li>\n\n\n\n<li>Schneider<\/li>\n\n\n\n<li>Siemens<\/li>\n\n\n\n<li>Skylife<\/li>\n<\/ul>\n\n\n\n<hr class=\"wp-block-separator has-alpha-channel-opacity\"\/>\n\n\n\n<p>Para m\u00e1s informaci\u00f3n pulse en el siguiente link:<\/p>\n\n\n\n<p><a href=\"https:\/\/www.us.es\/estudiar\/que-estudiar\/oferta-de-masteres\/master-universitario-en-ingenieria-electronica-robotica-y\/51600017\"><strong><mark style=\"background-color:rgba(0, 0, 0, 0)\" class=\"has-inline-color has-red-color\">Sistemas Electr\u00f3nicos para Smart Grids<\/mark><\/strong><\/a><\/p>\n\n\n\n<p><\/p>\n\n\n\n<p><\/p>\n\n\n\n<p><\/p>\n\n\n\n<p><\/p>\n\n\n\n<p><\/p>\n\n\n\n<p><\/p>\n\n\n\n<p><\/p>\n","protected":false},"excerpt":{"rendered":"<p>La necesidad de conseguir una sociedad m\u00e1s sostenible requiere que se tomen acciones que mitiguen y reviertan los efectos del cambio clim\u00e1tico. Como parte fundamental de esas acciones, resulta necesario una gesti\u00f3n eficiente de la energ\u00eda el\u00e9ctrica a trav\u00e9s de <a href=\"https:\/\/www.dinel.us.es\/?page_id=1321\" class=\"read-more\">Leer m\u00e1s&#8230;<\/a><\/p>\n","protected":false},"author":5,"featured_media":0,"parent":0,"menu_order":0,"comment_status":"closed","ping_status":"closed","template":"","meta":{"footnotes":""},"folder":[12],"class_list":["post-1321","page","type-page","status-publish","hentry"],"publishpress_future_action":{"enabled":false,"date":"2026-05-14 22:22:27","action":"change-status","newStatus":"draft","terms":[],"taxonomy":"folder","extraData":[]},"publishpress_future_workflow_manual_trigger":{"enabledWorkflows":[]},"_links":{"self":[{"href":"https:\/\/www.dinel.us.es\/index.php?rest_route=\/wp\/v2\/pages\/1321","targetHints":{"allow":["GET"]}}],"collection":[{"href":"https:\/\/www.dinel.us.es\/index.php?rest_route=\/wp\/v2\/pages"}],"about":[{"href":"https:\/\/www.dinel.us.es\/index.php?rest_route=\/wp\/v2\/types\/page"}],"author":[{"embeddable":true,"href":"https:\/\/www.dinel.us.es\/index.php?rest_route=\/wp\/v2\/users\/5"}],"replies":[{"embeddable":true,"href":"https:\/\/www.dinel.us.es\/index.php?rest_route=%2Fwp%2Fv2%2Fcomments&post=1321"}],"version-history":[{"count":8,"href":"https:\/\/www.dinel.us.es\/index.php?rest_route=\/wp\/v2\/pages\/1321\/revisions"}],"predecessor-version":[{"id":1446,"href":"https:\/\/www.dinel.us.es\/index.php?rest_route=\/wp\/v2\/pages\/1321\/revisions\/1446"}],"wp:attachment":[{"href":"https:\/\/www.dinel.us.es\/index.php?rest_route=%2Fwp%2Fv2%2Fmedia&parent=1321"}],"wp:term":[{"taxonomy":"folder","embeddable":true,"href":"https:\/\/www.dinel.us.es\/index.php?rest_route=%2Fwp%2Fv2%2Ffolder&post=1321"}],"curies":[{"name":"wp","href":"https:\/\/api.w.org\/{rel}","templated":true}]}}